{"id":2132,"date":"2025-06-09T15:35:47","date_gmt":"2025-06-09T15:35:47","guid":{"rendered":"https:\/\/ruunawere.ee\/%d1%81%d1%82%d0%b0%d0%bd%d0%b4%d0%b0%d1%80%d1%82%d0%bd%d1%8b%d0%b9-%d0%bd%d0%be%d0%bc%d0%b5%d1%80\/"},"modified":"2025-06-28T16:43:07","modified_gmt":"2025-06-28T16:43:07","slug":"standard-huone","status":"publish","type":"page","link":"https:\/\/ruunawere.ee\/fi\/standard-huone\/","title":{"rendered":"Standard huone"},"content":{"rendered":"\n<style type=\"text\/css\" data-created_by=\"avia_inline_auto\" id=\"style-css-av-1b22u-0bf9ad3b530f8587327218a7bccce5b9\">\n.avia-section.av-1b22u-0bf9ad3b530f8587327218a7bccce5b9{\nbackground-color:#6b6b6b;\nbackground-image:url(https:\/\/ruunawere.ee\/wp-content\/uploads\/2025\/06\/DSC9106-1-1500x430.jpg);\nbackground-repeat:no-repeat;\nbackground-position:50% 50%;\nbackground-attachment:scroll;\n}\n.avia-section.av-1b22u-0bf9ad3b530f8587327218a7bccce5b9 .av-section-color-overlay{\nopacity:0.6;\nbackground-color:#0a0a0a;\n}\n.avia-section.av-1b22u-0bf9ad3b530f8587327218a7bccce5b9 .av-extra-border-element .av-extra-border-inner{\nbackground-color:#6b6b6b;\n}\n<\/style>\n<div id='av_section_1'  class='avia-section av-1b22u-0bf9ad3b530f8587327218a7bccce5b9 main_color avia-section-default avia-no-shadow  avia-builder-el-0  el_before_av_section  avia-builder-el-first  avia-full-stretch avia-bg-style-scroll av-section-color-overlay-active av-arrow-down-section container_wrap fullsize'  data-section-bg-repeat='stretch'><div class=\"av-section-color-overlay-wrap\"><div class=\"av-section-color-overlay\"><\/div><div class='container av-section-cont-open' ><main  role=\"main\" itemprop=\"mainContentOfPage\"  class='template-page content  av-content-full alpha units'><div class='post-entry post-entry-type-page post-entry-2132'><div class='entry-content-wrapper clearfix'>\n\n<style type=\"text\/css\" data-created_by=\"avia_inline_auto\" id=\"style-css-av-c3rtu-ec449a7a89f20d0b7270af195544cdc9\">\n#top .av-special-heading.av-c3rtu-ec449a7a89f20d0b7270af195544cdc9{\npadding-bottom:0;\ncolor:#ffffff;\nfont-size:45px;\n}\nbody .av-special-heading.av-c3rtu-ec449a7a89f20d0b7270af195544cdc9 .av-special-heading-tag .heading-char{\nfont-size:25px;\n}\n#top #wrap_all .av-special-heading.av-c3rtu-ec449a7a89f20d0b7270af195544cdc9 .av-special-heading-tag{\nfont-size:45px;\n}\n.av-special-heading.av-c3rtu-ec449a7a89f20d0b7270af195544cdc9 .special-heading-inner-border{\nborder-color:#ffffff;\n}\n.av-special-heading.av-c3rtu-ec449a7a89f20d0b7270af195544cdc9 .av-subheading{\nfont-size:20px;\n}\n\n@media only screen and (min-width: 480px) and (max-width: 767px){ \n#top #wrap_all .av-special-heading.av-c3rtu-ec449a7a89f20d0b7270af195544cdc9 .av-special-heading-tag{\nfont-size:0.8em;\n}\n}\n\n@media only screen and (max-width: 479px){ \n#top #wrap_all .av-special-heading.av-c3rtu-ec449a7a89f20d0b7270af195544cdc9 .av-special-heading-tag{\nfont-size:0.8em;\n}\n}\n<\/style>\n<div  class='av-special-heading av-c3rtu-ec449a7a89f20d0b7270af195544cdc9 av-special-heading-h1 custom-color-heading blockquote modern-quote  avia-builder-el-1  avia-builder-el-no-sibling  av-inherit-size'><h1 class='av-special-heading-tag '  itemprop=\"headline\"  >Standard huone<\/h1><div class=\"special-heading-border\"><div class=\"special-heading-inner-border\"><\/div><\/div><\/div>\n<\/div><\/div><\/main><!-- close content main element --><\/div><div class='av-extra-border-element border-extra-arrow-down'><div class='av-extra-border-outer'><div class='av-extra-border-inner'><\/div><\/div><\/div><\/div><\/div><div id='av_section_2'  class='avia-section av-bkbr2-800cc2ae8056b35f40193f067a045aca main_color avia-section-default avia-no-shadow  avia-builder-el-2  el_after_av_section  avia-builder-el-last  avia-bg-style-scroll container_wrap fullsize'  ><div class='container av-section-cont-open' ><div class='template-page content  av-content-full alpha units'><div class='post-entry post-entry-type-page post-entry-2132'><div class='entry-content-wrapper clearfix'>\n<div  class='flex_column av-htg5o-003983168737bbeb3b08f6f6be85744f av_two_fifth  avia-builder-el-3  el_before_av_three_fifth  avia-builder-el-first  first flex_column_div  '     ><p><section  class='av_textblock_section av-9t4tu-5ef5e5af9dd68bc1b45ca64b6e1ba1d8 '   itemscope=\"itemscope\" itemtype=\"https:\/\/schema.org\/CreativeWork\" ><div class='avia_textblock'  itemprop=\"text\" ><p>Standard-huoneessa on kaikki mit\u00e4 tarvitset mukavaan oleskeluun. Tilavassa huoneessa on oleskelualue ja suihkuhuone. Ala- ja yl\u00e4kerrassa on kaksi erillist\u00e4 s\u00e4nky\u00e4. Huoneeseen mahtuu nelj\u00e4 henkil\u00f6\u00e4.<br \/>\nKoko: 26m2<\/p>\n<blockquote>\n<p><strong>Mukavuudet<\/strong>:<br \/>\nTV<br \/>\nSuihku<br \/>\nHiustenkuivaaja<br \/>\nIlmainen Wifi<\/p>\n<\/blockquote>\n<\/div><\/section><br \/>\n<div  class='avia-button-wrap av-mc1ldx6q-620d4144ccbd65dab4feaf611b8f0641-wrap avia-button-left  avia-builder-el-5  el_after_av_textblock  avia-builder-el-last '><a href='https:\/\/bouk.io\/booking\/ruunawere\/713\/rooms\/409?language=fi' class='avia-button av-mc1ldx6q-620d4144ccbd65dab4feaf611b8f0641 av-link-btn avia-icon_select-no avia-size-large avia-position-left avia-color-theme-color' target=\"_blank\" rel=\"noopener noreferrer\" aria-label=\"Varaa nyt\"><span class='avia_iconbox_title' >Varaa nyt<\/span><\/a><\/div><\/p><\/div><div  class='flex_column av-8jh0c-28770001814b19cdf2c3a131febe7abf av_three_fifth  avia-builder-el-6  el_after_av_two_fifth  avia-builder-el-last  flex_column_div  '     ><div id='av-masonry-1' class='av-masonry av-mbp6cwrd-916e2fd47ea02f306ef06dbc21cab5a7 noHover av-flex-size av-large-gap av-hover-overlay- av-masonry-animation- av-masonry-col-3 av-caption-always av-caption-style- av-masonry-gallery ' data-post_id=\"2132\"><div class=\"av-masonry-container isotope av-js-disabled\"><div class='av-masonry-entry isotope-item av-masonry-item-no-image '><\/div><a href=\"https:\/\/ruunawere.ee\/wp-content\/uploads\/2025\/06\/DSC9097-1-1030x686.jpg\" data-srcset=\"https:\/\/ruunawere.ee\/wp-content\/uploads\/2025\/06\/DSC9097-1-1030x686.jpg 1030w, https:\/\/ruunawere.ee\/wp-content\/uploads\/2025\/06\/DSC9097-1-300x200.jpg 300w, https:\/\/ruunawere.ee\/wp-content\/uploads\/2025\/06\/DSC9097-1-768x511.jpg 768w, https:\/\/ruunawere.ee\/wp-content\/uploads\/2025\/06\/DSC9097-1-1536x1022.jpg 1536w, https:\/\/ruunawere.ee\/wp-content\/uploads\/2025\/06\/DSC9097-1-1500x998.jpg 1500w, https:\/\/ruunawere.ee\/wp-content\/uploads\/2025\/06\/DSC9097-1-705x469.jpg 705w, https:\/\/ruunawere.ee\/wp-content\/uploads\/2025\/06\/DSC9097-1.jpg 1920w\" data-sizes=\"(max-width: 1030px) 100vw, 1030px\"  aria-label=\"image DSC9097\"  id='av-masonry-1-item-1321' data-av-masonry-item='1321' class='av-masonry-entry isotope-item post-1321 attachment type-attachment status-inherit hentry  av-masonry-item-with-image' title=\"\" alt=\"\"    itemprop=\"thumbnailUrl\" ><div class='av-inner-masonry-sizer'><\/div><figure class='av-inner-masonry main_color'><div class=\"av-masonry-outerimage-container\"><div class='av-masonry-image-container'  ><img decoding=\"async\" width=\"705\" height=\"469\" fetchpriority=\"high\" class=\"wp-image-1321 avia-img-lazy-loading-not-1321\"  src=\"https:\/\/ruunawere.ee\/wp-content\/uploads\/2025\/06\/DSC9097-1-705x469.jpg\" title=\"\" alt=\"\" srcset=\"https:\/\/ruunawere.ee\/wp-content\/uploads\/2025\/06\/DSC9097-1-705x469.jpg 705w, https:\/\/ruunawere.ee\/wp-content\/uploads\/2025\/06\/DSC9097-1-300x200.jpg 300w, https:\/\/ruunawere.ee\/wp-content\/uploads\/2025\/06\/DSC9097-1-1030x686.jpg 1030w, https:\/\/ruunawere.ee\/wp-content\/uploads\/2025\/06\/DSC9097-1-768x511.jpg 768w, https:\/\/ruunawere.ee\/wp-content\/uploads\/2025\/06\/DSC9097-1-1536x1022.jpg 1536w, https:\/\/ruunawere.ee\/wp-content\/uploads\/2025\/06\/DSC9097-1-1500x998.jpg 1500w, https:\/\/ruunawere.ee\/wp-content\/uploads\/2025\/06\/DSC9097-1.jpg 1920w\" sizes=\"(max-width: 705px) 100vw, 705px\" \/><\/div><\/div><\/figure><\/a><!--end av-masonry entry--><a href=\"https:\/\/ruunawere.ee\/wp-content\/uploads\/2025\/06\/DSC9100-1-1030x686.jpg\" data-srcset=\"https:\/\/ruunawere.ee\/wp-content\/uploads\/2025\/06\/DSC9100-1-1030x686.jpg 1030w, https:\/\/ruunawere.ee\/wp-content\/uploads\/2025\/06\/DSC9100-1-300x200.jpg 300w, https:\/\/ruunawere.ee\/wp-content\/uploads\/2025\/06\/DSC9100-1-768x511.jpg 768w, https:\/\/ruunawere.ee\/wp-content\/uploads\/2025\/06\/DSC9100-1-1536x1022.jpg 1536w, https:\/\/ruunawere.ee\/wp-content\/uploads\/2025\/06\/DSC9100-1-1500x998.jpg 1500w, https:\/\/ruunawere.ee\/wp-content\/uploads\/2025\/06\/DSC9100-1-705x469.jpg 705w, https:\/\/ruunawere.ee\/wp-content\/uploads\/2025\/06\/DSC9100-1.jpg 1920w\" data-sizes=\"(max-width: 1030px) 100vw, 1030px\"  aria-label=\"image DSC9100\"  id='av-masonry-1-item-1324' data-av-masonry-item='1324' class='av-masonry-entry isotope-item post-1324 attachment type-attachment status-inherit hentry  av-masonry-item-with-image' title=\"\" alt=\"\"    itemprop=\"thumbnailUrl\" ><div class='av-inner-masonry-sizer'><\/div><figure class='av-inner-masonry main_color'><div class=\"av-masonry-outerimage-container\"><div class='av-masonry-image-container'  ><img decoding=\"async\" width=\"705\" height=\"469\" fetchpriority=\"high\" class=\"wp-image-1324 avia-img-lazy-loading-not-1324\"  src=\"https:\/\/ruunawere.ee\/wp-content\/uploads\/2025\/06\/DSC9100-1-705x469.jpg\" title=\"\" alt=\"\" srcset=\"https:\/\/ruunawere.ee\/wp-content\/uploads\/2025\/06\/DSC9100-1-705x469.jpg 705w, https:\/\/ruunawere.ee\/wp-content\/uploads\/2025\/06\/DSC9100-1-300x200.jpg 300w, https:\/\/ruunawere.ee\/wp-content\/uploads\/2025\/06\/DSC9100-1-1030x686.jpg 1030w, https:\/\/ruunawere.ee\/wp-content\/uploads\/2025\/06\/DSC9100-1-768x511.jpg 768w, https:\/\/ruunawere.ee\/wp-content\/uploads\/2025\/06\/DSC9100-1-1536x1022.jpg 1536w, https:\/\/ruunawere.ee\/wp-content\/uploads\/2025\/06\/DSC9100-1-1500x998.jpg 1500w, https:\/\/ruunawere.ee\/wp-content\/uploads\/2025\/06\/DSC9100-1.jpg 1920w\" sizes=\"(max-width: 705px) 100vw, 705px\" \/><\/div><\/div><\/figure><\/a><!--end av-masonry entry--><a href=\"https:\/\/ruunawere.ee\/wp-content\/uploads\/2025\/06\/DSC9102-2-1030x686.jpg\" data-srcset=\"https:\/\/ruunawere.ee\/wp-content\/uploads\/2025\/06\/DSC9102-2-1030x686.jpg 1030w, https:\/\/ruunawere.ee\/wp-content\/uploads\/2025\/06\/DSC9102-2-300x200.jpg 300w, https:\/\/ruunawere.ee\/wp-content\/uploads\/2025\/06\/DSC9102-2-768x511.jpg 768w, https:\/\/ruunawere.ee\/wp-content\/uploads\/2025\/06\/DSC9102-2-1536x1022.jpg 1536w, https:\/\/ruunawere.ee\/wp-content\/uploads\/2025\/06\/DSC9102-2-1500x998.jpg 1500w, https:\/\/ruunawere.ee\/wp-content\/uploads\/2025\/06\/DSC9102-2-705x469.jpg 705w, https:\/\/ruunawere.ee\/wp-content\/uploads\/2025\/06\/DSC9102-2.jpg 1920w\" data-sizes=\"(max-width: 1030px) 100vw, 1030px\"  aria-label=\"image DSC9102\"  id='av-masonry-1-item-1327' data-av-masonry-item='1327' class='av-masonry-entry isotope-item post-1327 attachment type-attachment status-inherit hentry  av-masonry-item-with-image' title=\"\" alt=\"\"    itemprop=\"thumbnailUrl\" ><div class='av-inner-masonry-sizer'><\/div><figure class='av-inner-masonry main_color'><div class=\"av-masonry-outerimage-container\"><div class='av-masonry-image-container'  ><img decoding=\"async\" width=\"705\" height=\"469\" fetchpriority=\"high\" class=\"wp-image-1327 avia-img-lazy-loading-not-1327\"  src=\"https:\/\/ruunawere.ee\/wp-content\/uploads\/2025\/06\/DSC9102-2-705x469.jpg\" title=\"\" alt=\"\" srcset=\"https:\/\/ruunawere.ee\/wp-content\/uploads\/2025\/06\/DSC9102-2-705x469.jpg 705w, https:\/\/ruunawere.ee\/wp-content\/uploads\/2025\/06\/DSC9102-2-300x200.jpg 300w, https:\/\/ruunawere.ee\/wp-content\/uploads\/2025\/06\/DSC9102-2-1030x686.jpg 1030w, https:\/\/ruunawere.ee\/wp-content\/uploads\/2025\/06\/DSC9102-2-768x511.jpg 768w, https:\/\/ruunawere.ee\/wp-content\/uploads\/2025\/06\/DSC9102-2-1536x1022.jpg 1536w, https:\/\/ruunawere.ee\/wp-content\/uploads\/2025\/06\/DSC9102-2-1500x998.jpg 1500w, https:\/\/ruunawere.ee\/wp-content\/uploads\/2025\/06\/DSC9102-2.jpg 1920w\" sizes=\"(max-width: 705px) 100vw, 705px\" \/><\/div><\/div><\/figure><\/a><!--end av-masonry entry--><a href=\"https:\/\/ruunawere.ee\/wp-content\/uploads\/2025\/06\/DSC9106-1-1030x686.jpg\" data-srcset=\"https:\/\/ruunawere.ee\/wp-content\/uploads\/2025\/06\/DSC9106-1-1030x686.jpg 1030w, https:\/\/ruunawere.ee\/wp-content\/uploads\/2025\/06\/DSC9106-1-300x200.jpg 300w, https:\/\/ruunawere.ee\/wp-content\/uploads\/2025\/06\/DSC9106-1-768x511.jpg 768w, https:\/\/ruunawere.ee\/wp-content\/uploads\/2025\/06\/DSC9106-1-1536x1022.jpg 1536w, https:\/\/ruunawere.ee\/wp-content\/uploads\/2025\/06\/DSC9106-1-1500x998.jpg 1500w, https:\/\/ruunawere.ee\/wp-content\/uploads\/2025\/06\/DSC9106-1-705x469.jpg 705w, https:\/\/ruunawere.ee\/wp-content\/uploads\/2025\/06\/DSC9106-1.jpg 1920w\" data-sizes=\"(max-width: 1030px) 100vw, 1030px\"  aria-label=\"image DSC9106\"  id='av-masonry-1-item-1330' data-av-masonry-item='1330' class='av-masonry-entry isotope-item post-1330 attachment type-attachment status-inherit hentry  av-masonry-item-with-image' title=\"\" alt=\"\"    itemprop=\"thumbnailUrl\" ><div class='av-inner-masonry-sizer'><\/div><figure class='av-inner-masonry main_color'><div class=\"av-masonry-outerimage-container\"><div class='av-masonry-image-container'  ><img decoding=\"async\" width=\"705\" height=\"469\" fetchpriority=\"high\" class=\"wp-image-1330 avia-img-lazy-loading-not-1330\"  src=\"https:\/\/ruunawere.ee\/wp-content\/uploads\/2025\/06\/DSC9106-1-705x469.jpg\" title=\"\" alt=\"\" srcset=\"https:\/\/ruunawere.ee\/wp-content\/uploads\/2025\/06\/DSC9106-1-705x469.jpg 705w, https:\/\/ruunawere.ee\/wp-content\/uploads\/2025\/06\/DSC9106-1-300x200.jpg 300w, https:\/\/ruunawere.ee\/wp-content\/uploads\/2025\/06\/DSC9106-1-1030x686.jpg 1030w, https:\/\/ruunawere.ee\/wp-content\/uploads\/2025\/06\/DSC9106-1-768x511.jpg 768w, https:\/\/ruunawere.ee\/wp-content\/uploads\/2025\/06\/DSC9106-1-1536x1022.jpg 1536w, https:\/\/ruunawere.ee\/wp-content\/uploads\/2025\/06\/DSC9106-1-1500x998.jpg 1500w, https:\/\/ruunawere.ee\/wp-content\/uploads\/2025\/06\/DSC9106-1.jpg 1920w\" sizes=\"(max-width: 705px) 100vw, 705px\" \/><\/div><\/div><\/figure><\/a><!--end av-masonry entry--><a href=\"https:\/\/ruunawere.ee\/wp-content\/uploads\/2025\/06\/DSC9108-1-1030x686.jpg\" data-srcset=\"https:\/\/ruunawere.ee\/wp-content\/uploads\/2025\/06\/DSC9108-1-1030x686.jpg 1030w, https:\/\/ruunawere.ee\/wp-content\/uploads\/2025\/06\/DSC9108-1-300x200.jpg 300w, https:\/\/ruunawere.ee\/wp-content\/uploads\/2025\/06\/DSC9108-1-768x511.jpg 768w, https:\/\/ruunawere.ee\/wp-content\/uploads\/2025\/06\/DSC9108-1-1536x1022.jpg 1536w, https:\/\/ruunawere.ee\/wp-content\/uploads\/2025\/06\/DSC9108-1-1500x998.jpg 1500w, https:\/\/ruunawere.ee\/wp-content\/uploads\/2025\/06\/DSC9108-1-705x469.jpg 705w, https:\/\/ruunawere.ee\/wp-content\/uploads\/2025\/06\/DSC9108-1.jpg 1920w\" data-sizes=\"(max-width: 1030px) 100vw, 1030px\"  aria-label=\"image DSC9108\"  id='av-masonry-1-item-1333' data-av-masonry-item='1333' class='av-masonry-entry isotope-item post-1333 attachment type-attachment status-inherit hentry  av-masonry-item-with-image' title=\"\" alt=\"\"    itemprop=\"thumbnailUrl\" ><div class='av-inner-masonry-sizer'><\/div><figure class='av-inner-masonry main_color'><div class=\"av-masonry-outerimage-container\"><div class='av-masonry-image-container'  ><img decoding=\"async\" width=\"705\" height=\"469\" fetchpriority=\"high\" class=\"wp-image-1333 avia-img-lazy-loading-not-1333\"  src=\"https:\/\/ruunawere.ee\/wp-content\/uploads\/2025\/06\/DSC9108-1-705x469.jpg\" title=\"\" alt=\"\" srcset=\"https:\/\/ruunawere.ee\/wp-content\/uploads\/2025\/06\/DSC9108-1-705x469.jpg 705w, https:\/\/ruunawere.ee\/wp-content\/uploads\/2025\/06\/DSC9108-1-300x200.jpg 300w, https:\/\/ruunawere.ee\/wp-content\/uploads\/2025\/06\/DSC9108-1-1030x686.jpg 1030w, https:\/\/ruunawere.ee\/wp-content\/uploads\/2025\/06\/DSC9108-1-768x511.jpg 768w, https:\/\/ruunawere.ee\/wp-content\/uploads\/2025\/06\/DSC9108-1-1536x1022.jpg 1536w, https:\/\/ruunawere.ee\/wp-content\/uploads\/2025\/06\/DSC9108-1-1500x998.jpg 1500w, https:\/\/ruunawere.ee\/wp-content\/uploads\/2025\/06\/DSC9108-1.jpg 1920w\" sizes=\"(max-width: 705px) 100vw, 705px\" \/><\/div><\/div><\/figure><\/a><!--end av-masonry entry--><a href=\"https:\/\/ruunawere.ee\/wp-content\/uploads\/2025\/06\/DSC9113-1-1030x619.jpg\" data-srcset=\"https:\/\/ruunawere.ee\/wp-content\/uploads\/2025\/06\/DSC9113-1-1030x619.jpg 1030w, https:\/\/ruunawere.ee\/wp-content\/uploads\/2025\/06\/DSC9113-1-300x180.jpg 300w, https:\/\/ruunawere.ee\/wp-content\/uploads\/2025\/06\/DSC9113-1-768x461.jpg 768w, https:\/\/ruunawere.ee\/wp-content\/uploads\/2025\/06\/DSC9113-1-1536x922.jpg 1536w, https:\/\/ruunawere.ee\/wp-content\/uploads\/2025\/06\/DSC9113-1-1500x901.jpg 1500w, https:\/\/ruunawere.ee\/wp-content\/uploads\/2025\/06\/DSC9113-1-705x423.jpg 705w, https:\/\/ruunawere.ee\/wp-content\/uploads\/2025\/06\/DSC9113-1.jpg 1920w\" data-sizes=\"(max-width: 1030px) 100vw, 1030px\"  aria-label=\"image DSC9113\"  id='av-masonry-1-item-1336' data-av-masonry-item='1336' class='av-masonry-entry isotope-item post-1336 attachment type-attachment status-inherit hentry  av-masonry-item-with-image' title=\"\" alt=\"\"    itemprop=\"thumbnailUrl\" ><div class='av-inner-masonry-sizer'><\/div><figure class='av-inner-masonry main_color'><div class=\"av-masonry-outerimage-container\"><div class='av-masonry-image-container'  ><img decoding=\"async\" width=\"705\" height=\"423\" fetchpriority=\"high\" class=\"wp-image-1336 avia-img-lazy-loading-not-1336\"  src=\"https:\/\/ruunawere.ee\/wp-content\/uploads\/2025\/06\/DSC9113-1-705x423.jpg\" title=\"\" alt=\"\" srcset=\"https:\/\/ruunawere.ee\/wp-content\/uploads\/2025\/06\/DSC9113-1-705x423.jpg 705w, https:\/\/ruunawere.ee\/wp-content\/uploads\/2025\/06\/DSC9113-1-300x180.jpg 300w, https:\/\/ruunawere.ee\/wp-content\/uploads\/2025\/06\/DSC9113-1-1030x619.jpg 1030w, https:\/\/ruunawere.ee\/wp-content\/uploads\/2025\/06\/DSC9113-1-768x461.jpg 768w, https:\/\/ruunawere.ee\/wp-content\/uploads\/2025\/06\/DSC9113-1-1536x922.jpg 1536w, https:\/\/ruunawere.ee\/wp-content\/uploads\/2025\/06\/DSC9113-1-1500x901.jpg 1500w, https:\/\/ruunawere.ee\/wp-content\/uploads\/2025\/06\/DSC9113-1.jpg 1920w\" sizes=\"(max-width: 705px) 100vw, 705px\" \/><\/div><\/div><\/figure><\/a><!--end av-masonry entry--><\/div><\/div><\/div><\/p>\n","protected":false},"excerpt":{"rendered":"","protected":false},"author":1,"featured_media":0,"parent":0,"menu_order":0,"comment_status":"closed","ping_status":"closed","template":"","meta":{"footnotes":""},"class_list":["post-2132","page","type-page","status-publish","hentry"],"yoast_head":"<!-- This site is optimized with the Yoast SEO plugin v27.3 - https:\/\/yoast.com\/product\/yoast-seo-wordpress\/ -->\n<title>Standard huone - Ruunawere Hotell<\/title>\n<meta name=\"robots\" content=\"index, follow, max-snippet:-1, max-image-preview:large, max-video-preview:-1\" \/>\n<link rel=\"canonical\" href=\"https:\/\/ruunawere.ee\/fi\/standard-huone\/\" \/>\n<meta property=\"og:locale\" content=\"fi_FI\" \/>\n<meta property=\"og:type\" content=\"article\" \/>\n<meta property=\"og:title\" content=\"Standard huone - Ruunawere Hotell\" \/>\n<meta property=\"og:url\" content=\"https:\/\/ruunawere.ee\/fi\/standard-huone\/\" \/>\n<meta property=\"og:site_name\" content=\"Ruunawere Hotell\" \/>\n<meta property=\"article:modified_time\" content=\"2025-06-28T16:43:07+00:00\" \/>\n<meta name=\"twitter:card\" content=\"summary_large_image\" \/>\n<meta name=\"twitter:label1\" content=\"Arvioitu lukuaika\" \/>\n\t<meta name=\"twitter:data1\" content=\"11 minuuttia\" \/>\n<script type=\"application\/ld+json\" class=\"yoast-schema-graph\">{\"@context\":\"https:\\\/\\\/schema.org\",\"@graph\":[{\"@type\":\"WebPage\",\"@id\":\"https:\\\/\\\/ruunawere.ee\\\/fi\\\/standard-huone\\\/\",\"url\":\"https:\\\/\\\/ruunawere.ee\\\/fi\\\/standard-huone\\\/\",\"name\":\"Standard huone - Ruunawere Hotell\",\"isPartOf\":{\"@id\":\"https:\\\/\\\/ruunawere.ee\\\/#website\"},\"datePublished\":\"2025-06-09T15:35:47+00:00\",\"dateModified\":\"2025-06-28T16:43:07+00:00\",\"breadcrumb\":{\"@id\":\"https:\\\/\\\/ruunawere.ee\\\/fi\\\/standard-huone\\\/#breadcrumb\"},\"inLanguage\":\"fi\",\"potentialAction\":[{\"@type\":\"ReadAction\",\"target\":[\"https:\\\/\\\/ruunawere.ee\\\/fi\\\/standard-huone\\\/\"]}]},{\"@type\":\"BreadcrumbList\",\"@id\":\"https:\\\/\\\/ruunawere.ee\\\/fi\\\/standard-huone\\\/#breadcrumb\",\"itemListElement\":[{\"@type\":\"ListItem\",\"position\":1,\"name\":\"Home\",\"item\":\"https:\\\/\\\/ruunawere.ee\\\/fi\\\/\"},{\"@type\":\"ListItem\",\"position\":2,\"name\":\"Standard huone\"}]},{\"@type\":\"WebSite\",\"@id\":\"https:\\\/\\\/ruunawere.ee\\\/#website\",\"url\":\"https:\\\/\\\/ruunawere.ee\\\/\",\"name\":\"Ruunawere Hotell\",\"description\":\"\",\"potentialAction\":[{\"@type\":\"SearchAction\",\"target\":{\"@type\":\"EntryPoint\",\"urlTemplate\":\"https:\\\/\\\/ruunawere.ee\\\/?s={search_term_string}\"},\"query-input\":{\"@type\":\"PropertyValueSpecification\",\"valueRequired\":true,\"valueName\":\"search_term_string\"}}],\"inLanguage\":\"fi\"}]}<\/script>\n<!-- \/ Yoast SEO plugin. -->","yoast_head_json":{"title":"Standard huone - Ruunawere Hotell","robots":{"index":"index","follow":"follow","max-snippet":"max-snippet:-1","max-image-preview":"max-image-preview:large","max-video-preview":"max-video-preview:-1"},"canonical":"https:\/\/ruunawere.ee\/fi\/standard-huone\/","og_locale":"fi_FI","og_type":"article","og_title":"Standard huone - Ruunawere Hotell","og_url":"https:\/\/ruunawere.ee\/fi\/standard-huone\/","og_site_name":"Ruunawere Hotell","article_modified_time":"2025-06-28T16:43:07+00:00","twitter_card":"summary_large_image","twitter_misc":{"Arvioitu lukuaika":"11 minuuttia"},"schema":{"@context":"https:\/\/schema.org","@graph":[{"@type":"WebPage","@id":"https:\/\/ruunawere.ee\/fi\/standard-huone\/","url":"https:\/\/ruunawere.ee\/fi\/standard-huone\/","name":"Standard huone - Ruunawere Hotell","isPartOf":{"@id":"https:\/\/ruunawere.ee\/#website"},"datePublished":"2025-06-09T15:35:47+00:00","dateModified":"2025-06-28T16:43:07+00:00","breadcrumb":{"@id":"https:\/\/ruunawere.ee\/fi\/standard-huone\/#breadcrumb"},"inLanguage":"fi","potentialAction":[{"@type":"ReadAction","target":["https:\/\/ruunawere.ee\/fi\/standard-huone\/"]}]},{"@type":"BreadcrumbList","@id":"https:\/\/ruunawere.ee\/fi\/standard-huone\/#breadcrumb","itemListElement":[{"@type":"ListItem","position":1,"name":"Home","item":"https:\/\/ruunawere.ee\/fi\/"},{"@type":"ListItem","position":2,"name":"Standard huone"}]},{"@type":"WebSite","@id":"https:\/\/ruunawere.ee\/#website","url":"https:\/\/ruunawere.ee\/","name":"Ruunawere Hotell","description":"","potentialAction":[{"@type":"SearchAction","target":{"@type":"EntryPoint","urlTemplate":"https:\/\/ruunawere.ee\/?s={search_term_string}"},"query-input":{"@type":"PropertyValueSpecification","valueRequired":true,"valueName":"search_term_string"}}],"inLanguage":"fi"}]}},"_links":{"self":[{"href":"https:\/\/ruunawere.ee\/fi\/wp-json\/wp\/v2\/pages\/2132","targetHints":{"allow":["GET"]}}],"collection":[{"href":"https:\/\/ruunawere.ee\/fi\/wp-json\/wp\/v2\/pages"}],"about":[{"href":"https:\/\/ruunawere.ee\/fi\/wp-json\/wp\/v2\/types\/page"}],"author":[{"embeddable":true,"href":"https:\/\/ruunawere.ee\/fi\/wp-json\/wp\/v2\/users\/1"}],"replies":[{"embeddable":true,"href":"https:\/\/ruunawere.ee\/fi\/wp-json\/wp\/v2\/comments?post=2132"}],"version-history":[{"count":2,"href":"https:\/\/ruunawere.ee\/fi\/wp-json\/wp\/v2\/pages\/2132\/revisions"}],"predecessor-version":[{"id":2134,"href":"https:\/\/ruunawere.ee\/fi\/wp-json\/wp\/v2\/pages\/2132\/revisions\/2134"}],"wp:attachment":[{"href":"https:\/\/ruunawere.ee\/fi\/wp-json\/wp\/v2\/media?parent=2132"}],"curies":[{"name":"wp","href":"https:\/\/api.w.org\/{rel}","templated":true}]}}