{"id":2146,"date":"2025-06-09T15:18:59","date_gmt":"2025-06-09T15:18:59","guid":{"rendered":"https:\/\/ruunawere.ee\/%d1%81%d0%b5%d0%bc%d0%b5%d0%b9%d0%bd%d1%8b%d0%b9-%d0%bd%d0%be%d0%bc%d0%b5%d1%80\/"},"modified":"2025-06-28T18:05:01","modified_gmt":"2025-06-28T18:05:01","slug":"perhehuone","status":"publish","type":"page","link":"https:\/\/ruunawere.ee\/fi\/perhehuone\/","title":{"rendered":"Perhehuone"},"content":{"rendered":"\n<style type=\"text\/css\" data-created_by=\"avia_inline_auto\" id=\"style-css-av-1b22u-12316b2e344e2cc2f4611d0d9aa4e1fa\">\n.avia-section.av-1b22u-12316b2e344e2cc2f4611d0d9aa4e1fa{\nbackground-color:#6b6b6b;\nbackground-image:url(https:\/\/ruunawere.ee\/wp-content\/uploads\/2025\/06\/DSC9084-1500x430.jpg);\nbackground-repeat:no-repeat;\nbackground-position:50% 50%;\nbackground-attachment:scroll;\n}\n.avia-section.av-1b22u-12316b2e344e2cc2f4611d0d9aa4e1fa .av-section-color-overlay{\nopacity:0.6;\nbackground-color:#0a0a0a;\n}\n.avia-section.av-1b22u-12316b2e344e2cc2f4611d0d9aa4e1fa .av-extra-border-element .av-extra-border-inner{\nbackground-color:#6b6b6b;\n}\n<\/style>\n<div id='av_section_1'  class='avia-section av-1b22u-12316b2e344e2cc2f4611d0d9aa4e1fa main_color avia-section-default avia-no-shadow  avia-builder-el-0  el_before_av_section  avia-builder-el-first  avia-full-stretch avia-bg-style-scroll av-section-color-overlay-active av-arrow-down-section container_wrap fullsize'  data-section-bg-repeat='stretch'><div class=\"av-section-color-overlay-wrap\"><div class=\"av-section-color-overlay\"><\/div><div class='container av-section-cont-open' ><main  role=\"main\" itemprop=\"mainContentOfPage\"  class='template-page content  av-content-full alpha units'><div class='post-entry post-entry-type-page post-entry-2146'><div class='entry-content-wrapper clearfix'>\n\n<style type=\"text\/css\" data-created_by=\"avia_inline_auto\" id=\"style-css-av-c3rtu-607a51917c54785c9ed0c63492eb9ac8\">\n#top .av-special-heading.av-c3rtu-607a51917c54785c9ed0c63492eb9ac8{\npadding-bottom:0;\ncolor:#ffffff;\nfont-size:45px;\n}\nbody .av-special-heading.av-c3rtu-607a51917c54785c9ed0c63492eb9ac8 .av-special-heading-tag .heading-char{\nfont-size:25px;\n}\n#top #wrap_all .av-special-heading.av-c3rtu-607a51917c54785c9ed0c63492eb9ac8 .av-special-heading-tag{\nfont-size:45px;\n}\n.av-special-heading.av-c3rtu-607a51917c54785c9ed0c63492eb9ac8 .special-heading-inner-border{\nborder-color:#ffffff;\n}\n.av-special-heading.av-c3rtu-607a51917c54785c9ed0c63492eb9ac8 .av-subheading{\nfont-size:20px;\n}\n\n@media only screen and (min-width: 480px) and (max-width: 767px){ \n#top #wrap_all .av-special-heading.av-c3rtu-607a51917c54785c9ed0c63492eb9ac8 .av-special-heading-tag{\nfont-size:0.8em;\n}\n}\n\n@media only screen and (max-width: 479px){ \n#top #wrap_all .av-special-heading.av-c3rtu-607a51917c54785c9ed0c63492eb9ac8 .av-special-heading-tag{\nfont-size:0.8em;\n}\n}\n<\/style>\n<div  class='av-special-heading av-c3rtu-607a51917c54785c9ed0c63492eb9ac8 av-special-heading-h1 custom-color-heading blockquote modern-quote  avia-builder-el-1  avia-builder-el-no-sibling  av-inherit-size'><h1 class='av-special-heading-tag '  itemprop=\"headline\"  >Perhehuone<\/h1><div class=\"special-heading-border\"><div class=\"special-heading-inner-border\"><\/div><\/div><\/div>\n<\/div><\/div><\/main><!-- close content main element --><\/div><div class='av-extra-border-element border-extra-arrow-down'><div class='av-extra-border-outer'><div class='av-extra-border-inner'><\/div><\/div><\/div><\/div><\/div><div id='av_section_2'  class='avia-section av-bkbr2-800cc2ae8056b35f40193f067a045aca main_color avia-section-default avia-no-shadow  avia-builder-el-2  el_after_av_section  avia-builder-el-last  avia-bg-style-scroll container_wrap fullsize'  ><div class='container av-section-cont-open' ><div class='template-page content  av-content-full alpha units'><div class='post-entry post-entry-type-page post-entry-2146'><div class='entry-content-wrapper clearfix'>\n<div  class='flex_column av-htg5o-003983168737bbeb3b08f6f6be85744f av_two_fifth  avia-builder-el-3  el_before_av_three_fifth  avia-builder-el-first  first flex_column_div  '     ><p><section  class='av_textblock_section av-9t4tu-5ef5e5af9dd68bc1b45ca64b6e1ba1d8 '   itemscope=\"itemscope\" itemtype=\"https:\/\/schema.org\/CreativeWork\" ><div class='avia_textblock'  itemprop=\"text\" ><p>Perhehuone on huone, joka sopii koko perheelle. Tilavassa huoneessa on oleskelualue ja suihkuhuone. Perhehuoneessa on suuri s\u00e4nky ja vuodesohva alakerrassa ja kaksi erillist\u00e4 s\u00e4nky\u00e4 yl\u00e4kerrassa. Huoneeseen mahtuu kaksi aikuista ja enint\u00e4\u00e4n kolme lasta.<br \/>\nKoko: 26m2<\/p>\n<blockquote>\n<p><strong>Mukavuudet<\/strong>:<br \/>\nTelevisio<br \/>\nSuihku<br \/>\nHiustenkuivaaja<br \/>\nIlmainen Wifi<br \/>\nKattila<\/p>\n<\/blockquote>\n<\/div><\/section><br \/>\n<div  class='avia-button-wrap av-ac7bc-1d7124d8d11be2017ab7ddb05b08c850-wrap avia-button-left  avia-builder-el-5  el_after_av_textblock  avia-builder-el-last '><a href='https:\/\/bouk.io\/booking\/ruunawere\/713\/rooms\/409?language=fi' class='avia-button av-ac7bc-1d7124d8d11be2017ab7ddb05b08c850 av-link-btn avia-icon_select-no avia-size-large avia-position-left avia-color-theme-color' target=\"_blank\" rel=\"noopener noreferrer\" aria-label=\"Varaa nyt\"><span class='avia_iconbox_title' >Varaa nyt<\/span><\/a><\/div><\/p><\/div><div  class='flex_column av-8jh0c-28770001814b19cdf2c3a131febe7abf av_three_fifth  avia-builder-el-6  el_after_av_two_fifth  avia-builder-el-last  flex_column_div  '     ><div id='av-masonry-1' class='av-masonry av-mbp6cwrd-14e022d0446120e5566253eeaa93762c noHover av-flex-size av-large-gap av-hover-overlay- av-masonry-animation- av-masonry-col-3 av-caption-always av-caption-style- av-masonry-gallery ' data-post_id=\"2146\"><div class=\"av-masonry-container isotope av-js-disabled\"><div class='av-masonry-entry isotope-item av-masonry-item-no-image '><\/div><a href=\"https:\/\/ruunawere.ee\/wp-content\/uploads\/2025\/06\/DSC9068-1030x686.jpg\" data-srcset=\"https:\/\/ruunawere.ee\/wp-content\/uploads\/2025\/06\/DSC9068-1030x686.jpg 1030w, https:\/\/ruunawere.ee\/wp-content\/uploads\/2025\/06\/DSC9068-300x200.jpg 300w, https:\/\/ruunawere.ee\/wp-content\/uploads\/2025\/06\/DSC9068-768x511.jpg 768w, https:\/\/ruunawere.ee\/wp-content\/uploads\/2025\/06\/DSC9068-1536x1022.jpg 1536w, https:\/\/ruunawere.ee\/wp-content\/uploads\/2025\/06\/DSC9068-1500x998.jpg 1500w, https:\/\/ruunawere.ee\/wp-content\/uploads\/2025\/06\/DSC9068-705x469.jpg 705w, https:\/\/ruunawere.ee\/wp-content\/uploads\/2025\/06\/DSC9068.jpg 1920w\" data-sizes=\"(max-width: 1030px) 100vw, 1030px\"  aria-label=\"image DSC9068\"  id='av-masonry-1-item-1285' data-av-masonry-item='1285' class='av-masonry-entry isotope-item post-1285 attachment type-attachment status-inherit hentry  av-masonry-item-with-image' title=\"\" alt=\"\"    itemprop=\"thumbnailUrl\" ><div class='av-inner-masonry-sizer'><\/div><figure class='av-inner-masonry main_color'><div class=\"av-masonry-outerimage-container\"><div class='av-masonry-image-container'  ><img decoding=\"async\" width=\"705\" height=\"469\" fetchpriority=\"high\" class=\"wp-image-1285 avia-img-lazy-loading-not-1285\"  src=\"https:\/\/ruunawere.ee\/wp-content\/uploads\/2025\/06\/DSC9068-705x469.jpg\" title=\"\" alt=\"\" srcset=\"https:\/\/ruunawere.ee\/wp-content\/uploads\/2025\/06\/DSC9068-705x469.jpg 705w, https:\/\/ruunawere.ee\/wp-content\/uploads\/2025\/06\/DSC9068-300x200.jpg 300w, https:\/\/ruunawere.ee\/wp-content\/uploads\/2025\/06\/DSC9068-1030x686.jpg 1030w, https:\/\/ruunawere.ee\/wp-content\/uploads\/2025\/06\/DSC9068-768x511.jpg 768w, https:\/\/ruunawere.ee\/wp-content\/uploads\/2025\/06\/DSC9068-1536x1022.jpg 1536w, https:\/\/ruunawere.ee\/wp-content\/uploads\/2025\/06\/DSC9068-1500x998.jpg 1500w, https:\/\/ruunawere.ee\/wp-content\/uploads\/2025\/06\/DSC9068.jpg 1920w\" sizes=\"(max-width: 705px) 100vw, 705px\" \/><\/div><\/div><\/figure><\/a><!--end av-masonry entry--><a href=\"https:\/\/ruunawere.ee\/wp-content\/uploads\/2025\/06\/DSC9072-1030x686.jpg\" data-srcset=\"https:\/\/ruunawere.ee\/wp-content\/uploads\/2025\/06\/DSC9072-1030x686.jpg 1030w, https:\/\/ruunawere.ee\/wp-content\/uploads\/2025\/06\/DSC9072-300x200.jpg 300w, https:\/\/ruunawere.ee\/wp-content\/uploads\/2025\/06\/DSC9072-768x511.jpg 768w, https:\/\/ruunawere.ee\/wp-content\/uploads\/2025\/06\/DSC9072-1536x1022.jpg 1536w, https:\/\/ruunawere.ee\/wp-content\/uploads\/2025\/06\/DSC9072-1500x998.jpg 1500w, https:\/\/ruunawere.ee\/wp-content\/uploads\/2025\/06\/DSC9072-705x469.jpg 705w, https:\/\/ruunawere.ee\/wp-content\/uploads\/2025\/06\/DSC9072.jpg 1920w\" data-sizes=\"(max-width: 1030px) 100vw, 1030px\"  aria-label=\"image DSC9072\"  id='av-masonry-1-item-1288' data-av-masonry-item='1288' class='av-masonry-entry isotope-item post-1288 attachment type-attachment status-inherit hentry  av-masonry-item-with-image' title=\"\" alt=\"\"    itemprop=\"thumbnailUrl\" ><div class='av-inner-masonry-sizer'><\/div><figure class='av-inner-masonry main_color'><div class=\"av-masonry-outerimage-container\"><div class='av-masonry-image-container'  ><img decoding=\"async\" width=\"705\" height=\"469\" fetchpriority=\"high\" class=\"wp-image-1288 avia-img-lazy-loading-not-1288\"  src=\"https:\/\/ruunawere.ee\/wp-content\/uploads\/2025\/06\/DSC9072-705x469.jpg\" title=\"\" alt=\"\" srcset=\"https:\/\/ruunawere.ee\/wp-content\/uploads\/2025\/06\/DSC9072-705x469.jpg 705w, https:\/\/ruunawere.ee\/wp-content\/uploads\/2025\/06\/DSC9072-300x200.jpg 300w, https:\/\/ruunawere.ee\/wp-content\/uploads\/2025\/06\/DSC9072-1030x686.jpg 1030w, https:\/\/ruunawere.ee\/wp-content\/uploads\/2025\/06\/DSC9072-768x511.jpg 768w, https:\/\/ruunawere.ee\/wp-content\/uploads\/2025\/06\/DSC9072-1536x1022.jpg 1536w, https:\/\/ruunawere.ee\/wp-content\/uploads\/2025\/06\/DSC9072-1500x998.jpg 1500w, https:\/\/ruunawere.ee\/wp-content\/uploads\/2025\/06\/DSC9072.jpg 1920w\" sizes=\"(max-width: 705px) 100vw, 705px\" \/><\/div><\/div><\/figure><\/a><!--end av-masonry entry--><a href=\"https:\/\/ruunawere.ee\/wp-content\/uploads\/2025\/06\/DSC9074-1-1030x686.jpg\" data-srcset=\"https:\/\/ruunawere.ee\/wp-content\/uploads\/2025\/06\/DSC9074-1-1030x686.jpg 1030w, https:\/\/ruunawere.ee\/wp-content\/uploads\/2025\/06\/DSC9074-1-300x200.jpg 300w, https:\/\/ruunawere.ee\/wp-content\/uploads\/2025\/06\/DSC9074-1-768x511.jpg 768w, https:\/\/ruunawere.ee\/wp-content\/uploads\/2025\/06\/DSC9074-1-1536x1022.jpg 1536w, https:\/\/ruunawere.ee\/wp-content\/uploads\/2025\/06\/DSC9074-1-1500x998.jpg 1500w, https:\/\/ruunawere.ee\/wp-content\/uploads\/2025\/06\/DSC9074-1-705x469.jpg 705w, https:\/\/ruunawere.ee\/wp-content\/uploads\/2025\/06\/DSC9074-1.jpg 1920w\" data-sizes=\"(max-width: 1030px) 100vw, 1030px\"  aria-label=\"image DSC9074\"  id='av-masonry-1-item-1291' data-av-masonry-item='1291' class='av-masonry-entry isotope-item post-1291 attachment type-attachment status-inherit hentry  av-masonry-item-with-image' title=\"\" alt=\"\"    itemprop=\"thumbnailUrl\" ><div class='av-inner-masonry-sizer'><\/div><figure class='av-inner-masonry main_color'><div class=\"av-masonry-outerimage-container\"><div class='av-masonry-image-container'  ><img decoding=\"async\" width=\"705\" height=\"469\" fetchpriority=\"high\" class=\"wp-image-1291 avia-img-lazy-loading-not-1291\"  src=\"https:\/\/ruunawere.ee\/wp-content\/uploads\/2025\/06\/DSC9074-1-705x469.jpg\" title=\"\" alt=\"\" srcset=\"https:\/\/ruunawere.ee\/wp-content\/uploads\/2025\/06\/DSC9074-1-705x469.jpg 705w, https:\/\/ruunawere.ee\/wp-content\/uploads\/2025\/06\/DSC9074-1-300x200.jpg 300w, https:\/\/ruunawere.ee\/wp-content\/uploads\/2025\/06\/DSC9074-1-1030x686.jpg 1030w, https:\/\/ruunawere.ee\/wp-content\/uploads\/2025\/06\/DSC9074-1-768x511.jpg 768w, https:\/\/ruunawere.ee\/wp-content\/uploads\/2025\/06\/DSC9074-1-1536x1022.jpg 1536w, https:\/\/ruunawere.ee\/wp-content\/uploads\/2025\/06\/DSC9074-1-1500x998.jpg 1500w, https:\/\/ruunawere.ee\/wp-content\/uploads\/2025\/06\/DSC9074-1.jpg 1920w\" sizes=\"(max-width: 705px) 100vw, 705px\" \/><\/div><\/div><\/figure><\/a><!--end av-masonry entry--><a href=\"https:\/\/ruunawere.ee\/wp-content\/uploads\/2025\/06\/DSC9080-1030x686.jpg\" data-srcset=\"https:\/\/ruunawere.ee\/wp-content\/uploads\/2025\/06\/DSC9080-1030x686.jpg 1030w, https:\/\/ruunawere.ee\/wp-content\/uploads\/2025\/06\/DSC9080-300x200.jpg 300w, https:\/\/ruunawere.ee\/wp-content\/uploads\/2025\/06\/DSC9080-768x511.jpg 768w, https:\/\/ruunawere.ee\/wp-content\/uploads\/2025\/06\/DSC9080-1536x1022.jpg 1536w, https:\/\/ruunawere.ee\/wp-content\/uploads\/2025\/06\/DSC9080-1500x998.jpg 1500w, https:\/\/ruunawere.ee\/wp-content\/uploads\/2025\/06\/DSC9080-705x469.jpg 705w, https:\/\/ruunawere.ee\/wp-content\/uploads\/2025\/06\/DSC9080.jpg 1920w\" data-sizes=\"(max-width: 1030px) 100vw, 1030px\"  aria-label=\"image DSC9080\"  id='av-masonry-1-item-1294' data-av-masonry-item='1294' class='av-masonry-entry isotope-item post-1294 attachment type-attachment status-inherit hentry  av-masonry-item-with-image' title=\"\" alt=\"\"    itemprop=\"thumbnailUrl\" ><div class='av-inner-masonry-sizer'><\/div><figure class='av-inner-masonry main_color'><div class=\"av-masonry-outerimage-container\"><div class='av-masonry-image-container'  ><img decoding=\"async\" width=\"705\" height=\"469\" fetchpriority=\"high\" class=\"wp-image-1294 avia-img-lazy-loading-not-1294\"  src=\"https:\/\/ruunawere.ee\/wp-content\/uploads\/2025\/06\/DSC9080-705x469.jpg\" title=\"\" alt=\"\" srcset=\"https:\/\/ruunawere.ee\/wp-content\/uploads\/2025\/06\/DSC9080-705x469.jpg 705w, https:\/\/ruunawere.ee\/wp-content\/uploads\/2025\/06\/DSC9080-300x200.jpg 300w, https:\/\/ruunawere.ee\/wp-content\/uploads\/2025\/06\/DSC9080-1030x686.jpg 1030w, https:\/\/ruunawere.ee\/wp-content\/uploads\/2025\/06\/DSC9080-768x511.jpg 768w, https:\/\/ruunawere.ee\/wp-content\/uploads\/2025\/06\/DSC9080-1536x1022.jpg 1536w, https:\/\/ruunawere.ee\/wp-content\/uploads\/2025\/06\/DSC9080-1500x998.jpg 1500w, https:\/\/ruunawere.ee\/wp-content\/uploads\/2025\/06\/DSC9080.jpg 1920w\" sizes=\"(max-width: 705px) 100vw, 705px\" \/><\/div><\/div><\/figure><\/a><!--end av-masonry entry--><a href=\"https:\/\/ruunawere.ee\/wp-content\/uploads\/2025\/06\/DSC9084-1030x686.jpg\" data-srcset=\"https:\/\/ruunawere.ee\/wp-content\/uploads\/2025\/06\/DSC9084-1030x686.jpg 1030w, https:\/\/ruunawere.ee\/wp-content\/uploads\/2025\/06\/DSC9084-300x200.jpg 300w, https:\/\/ruunawere.ee\/wp-content\/uploads\/2025\/06\/DSC9084-768x511.jpg 768w, https:\/\/ruunawere.ee\/wp-content\/uploads\/2025\/06\/DSC9084-1536x1022.jpg 1536w, https:\/\/ruunawere.ee\/wp-content\/uploads\/2025\/06\/DSC9084-1500x998.jpg 1500w, https:\/\/ruunawere.ee\/wp-content\/uploads\/2025\/06\/DSC9084-705x469.jpg 705w, https:\/\/ruunawere.ee\/wp-content\/uploads\/2025\/06\/DSC9084.jpg 1920w\" data-sizes=\"(max-width: 1030px) 100vw, 1030px\"  aria-label=\"image DSC9084\"  id='av-masonry-1-item-1297' data-av-masonry-item='1297' class='av-masonry-entry isotope-item post-1297 attachment type-attachment status-inherit hentry  av-masonry-item-with-image' title=\"\" alt=\"\"    itemprop=\"thumbnailUrl\" ><div class='av-inner-masonry-sizer'><\/div><figure class='av-inner-masonry main_color'><div class=\"av-masonry-outerimage-container\"><div class='av-masonry-image-container'  ><img decoding=\"async\" width=\"705\" height=\"469\" fetchpriority=\"high\" class=\"wp-image-1297 avia-img-lazy-loading-not-1297\"  src=\"https:\/\/ruunawere.ee\/wp-content\/uploads\/2025\/06\/DSC9084-705x469.jpg\" title=\"\" alt=\"\" srcset=\"https:\/\/ruunawere.ee\/wp-content\/uploads\/2025\/06\/DSC9084-705x469.jpg 705w, https:\/\/ruunawere.ee\/wp-content\/uploads\/2025\/06\/DSC9084-300x200.jpg 300w, https:\/\/ruunawere.ee\/wp-content\/uploads\/2025\/06\/DSC9084-1030x686.jpg 1030w, https:\/\/ruunawere.ee\/wp-content\/uploads\/2025\/06\/DSC9084-768x511.jpg 768w, https:\/\/ruunawere.ee\/wp-content\/uploads\/2025\/06\/DSC9084-1536x1022.jpg 1536w, https:\/\/ruunawere.ee\/wp-content\/uploads\/2025\/06\/DSC9084-1500x998.jpg 1500w, https:\/\/ruunawere.ee\/wp-content\/uploads\/2025\/06\/DSC9084.jpg 1920w\" sizes=\"(max-width: 705px) 100vw, 705px\" \/><\/div><\/div><\/figure><\/a><!--end av-masonry entry--><a href=\"https:\/\/ruunawere.ee\/wp-content\/uploads\/2025\/06\/DSC9086-1030x686.jpg\" data-srcset=\"https:\/\/ruunawere.ee\/wp-content\/uploads\/2025\/06\/DSC9086-1030x686.jpg 1030w, https:\/\/ruunawere.ee\/wp-content\/uploads\/2025\/06\/DSC9086-300x200.jpg 300w, https:\/\/ruunawere.ee\/wp-content\/uploads\/2025\/06\/DSC9086-768x511.jpg 768w, https:\/\/ruunawere.ee\/wp-content\/uploads\/2025\/06\/DSC9086-1536x1022.jpg 1536w, https:\/\/ruunawere.ee\/wp-content\/uploads\/2025\/06\/DSC9086-1500x998.jpg 1500w, https:\/\/ruunawere.ee\/wp-content\/uploads\/2025\/06\/DSC9086-705x469.jpg 705w, https:\/\/ruunawere.ee\/wp-content\/uploads\/2025\/06\/DSC9086.jpg 1920w\" data-sizes=\"(max-width: 1030px) 100vw, 1030px\"  aria-label=\"image DSC9086\"  id='av-masonry-1-item-1300' data-av-masonry-item='1300' class='av-masonry-entry isotope-item post-1300 attachment type-attachment status-inherit hentry  av-masonry-item-with-image' title=\"\" alt=\"\"    itemprop=\"thumbnailUrl\" ><div class='av-inner-masonry-sizer'><\/div><figure class='av-inner-masonry main_color'><div class=\"av-masonry-outerimage-container\"><div class='av-masonry-image-container'  ><img decoding=\"async\" width=\"705\" height=\"469\" fetchpriority=\"high\" class=\"wp-image-1300 avia-img-lazy-loading-not-1300\"  src=\"https:\/\/ruunawere.ee\/wp-content\/uploads\/2025\/06\/DSC9086-705x469.jpg\" title=\"\" alt=\"\" srcset=\"https:\/\/ruunawere.ee\/wp-content\/uploads\/2025\/06\/DSC9086-705x469.jpg 705w, https:\/\/ruunawere.ee\/wp-content\/uploads\/2025\/06\/DSC9086-300x200.jpg 300w, https:\/\/ruunawere.ee\/wp-content\/uploads\/2025\/06\/DSC9086-1030x686.jpg 1030w, https:\/\/ruunawere.ee\/wp-content\/uploads\/2025\/06\/DSC9086-768x511.jpg 768w, https:\/\/ruunawere.ee\/wp-content\/uploads\/2025\/06\/DSC9086-1536x1022.jpg 1536w, https:\/\/ruunawere.ee\/wp-content\/uploads\/2025\/06\/DSC9086-1500x998.jpg 1500w, https:\/\/ruunawere.ee\/wp-content\/uploads\/2025\/06\/DSC9086.jpg 1920w\" sizes=\"(max-width: 705px) 100vw, 705px\" \/><\/div><\/div><\/figure><\/a><!--end av-masonry entry--><\/div><\/div><\/div><\/p>\n","protected":false},"excerpt":{"rendered":"","protected":false},"author":1,"featured_media":0,"parent":0,"menu_order":0,"comment_status":"closed","ping_status":"closed","template":"","meta":{"footnotes":""},"class_list":["post-2146","page","type-page","status-publish","hentry"],"yoast_head":"<!-- This site is optimized with the Yoast SEO plugin v27.3 - https:\/\/yoast.com\/product\/yoast-seo-wordpress\/ -->\n<title>Perhehuone - Ruunawere Hotell<\/title>\n<meta name=\"robots\" content=\"index, follow, max-snippet:-1, max-image-preview:large, max-video-preview:-1\" \/>\n<link rel=\"canonical\" href=\"https:\/\/ruunawere.ee\/fi\/perhehuone\/\" \/>\n<meta property=\"og:locale\" content=\"fi_FI\" \/>\n<meta property=\"og:type\" content=\"article\" \/>\n<meta property=\"og:title\" content=\"Perhehuone - Ruunawere Hotell\" \/>\n<meta property=\"og:url\" content=\"https:\/\/ruunawere.ee\/fi\/perhehuone\/\" \/>\n<meta property=\"og:site_name\" content=\"Ruunawere Hotell\" \/>\n<meta property=\"article:modified_time\" content=\"2025-06-28T18:05:01+00:00\" \/>\n<meta name=\"twitter:card\" content=\"summary_large_image\" \/>\n<meta name=\"twitter:label1\" content=\"Arvioitu lukuaika\" \/>\n\t<meta name=\"twitter:data1\" content=\"11 minuuttia\" \/>\n<script type=\"application\/ld+json\" class=\"yoast-schema-graph\">{\"@context\":\"https:\\\/\\\/schema.org\",\"@graph\":[{\"@type\":\"WebPage\",\"@id\":\"https:\\\/\\\/ruunawere.ee\\\/fi\\\/perhehuone\\\/\",\"url\":\"https:\\\/\\\/ruunawere.ee\\\/fi\\\/perhehuone\\\/\",\"name\":\"Perhehuone - Ruunawere Hotell\",\"isPartOf\":{\"@id\":\"https:\\\/\\\/ruunawere.ee\\\/#website\"},\"datePublished\":\"2025-06-09T15:18:59+00:00\",\"dateModified\":\"2025-06-28T18:05:01+00:00\",\"breadcrumb\":{\"@id\":\"https:\\\/\\\/ruunawere.ee\\\/fi\\\/perhehuone\\\/#breadcrumb\"},\"inLanguage\":\"fi\",\"potentialAction\":[{\"@type\":\"ReadAction\",\"target\":[\"https:\\\/\\\/ruunawere.ee\\\/fi\\\/perhehuone\\\/\"]}]},{\"@type\":\"BreadcrumbList\",\"@id\":\"https:\\\/\\\/ruunawere.ee\\\/fi\\\/perhehuone\\\/#breadcrumb\",\"itemListElement\":[{\"@type\":\"ListItem\",\"position\":1,\"name\":\"Home\",\"item\":\"https:\\\/\\\/ruunawere.ee\\\/fi\\\/\"},{\"@type\":\"ListItem\",\"position\":2,\"name\":\"Perhehuone\"}]},{\"@type\":\"WebSite\",\"@id\":\"https:\\\/\\\/ruunawere.ee\\\/#website\",\"url\":\"https:\\\/\\\/ruunawere.ee\\\/\",\"name\":\"Ruunawere Hotell\",\"description\":\"\",\"potentialAction\":[{\"@type\":\"SearchAction\",\"target\":{\"@type\":\"EntryPoint\",\"urlTemplate\":\"https:\\\/\\\/ruunawere.ee\\\/?s={search_term_string}\"},\"query-input\":{\"@type\":\"PropertyValueSpecification\",\"valueRequired\":true,\"valueName\":\"search_term_string\"}}],\"inLanguage\":\"fi\"}]}<\/script>\n<!-- \/ Yoast SEO plugin. -->","yoast_head_json":{"title":"Perhehuone - Ruunawere Hotell","robots":{"index":"index","follow":"follow","max-snippet":"max-snippet:-1","max-image-preview":"max-image-preview:large","max-video-preview":"max-video-preview:-1"},"canonical":"https:\/\/ruunawere.ee\/fi\/perhehuone\/","og_locale":"fi_FI","og_type":"article","og_title":"Perhehuone - Ruunawere Hotell","og_url":"https:\/\/ruunawere.ee\/fi\/perhehuone\/","og_site_name":"Ruunawere Hotell","article_modified_time":"2025-06-28T18:05:01+00:00","twitter_card":"summary_large_image","twitter_misc":{"Arvioitu lukuaika":"11 minuuttia"},"schema":{"@context":"https:\/\/schema.org","@graph":[{"@type":"WebPage","@id":"https:\/\/ruunawere.ee\/fi\/perhehuone\/","url":"https:\/\/ruunawere.ee\/fi\/perhehuone\/","name":"Perhehuone - Ruunawere Hotell","isPartOf":{"@id":"https:\/\/ruunawere.ee\/#website"},"datePublished":"2025-06-09T15:18:59+00:00","dateModified":"2025-06-28T18:05:01+00:00","breadcrumb":{"@id":"https:\/\/ruunawere.ee\/fi\/perhehuone\/#breadcrumb"},"inLanguage":"fi","potentialAction":[{"@type":"ReadAction","target":["https:\/\/ruunawere.ee\/fi\/perhehuone\/"]}]},{"@type":"BreadcrumbList","@id":"https:\/\/ruunawere.ee\/fi\/perhehuone\/#breadcrumb","itemListElement":[{"@type":"ListItem","position":1,"name":"Home","item":"https:\/\/ruunawere.ee\/fi\/"},{"@type":"ListItem","position":2,"name":"Perhehuone"}]},{"@type":"WebSite","@id":"https:\/\/ruunawere.ee\/#website","url":"https:\/\/ruunawere.ee\/","name":"Ruunawere Hotell","description":"","potentialAction":[{"@type":"SearchAction","target":{"@type":"EntryPoint","urlTemplate":"https:\/\/ruunawere.ee\/?s={search_term_string}"},"query-input":{"@type":"PropertyValueSpecification","valueRequired":true,"valueName":"search_term_string"}}],"inLanguage":"fi"}]}},"_links":{"self":[{"href":"https:\/\/ruunawere.ee\/fi\/wp-json\/wp\/v2\/pages\/2146","targetHints":{"allow":["GET"]}}],"collection":[{"href":"https:\/\/ruunawere.ee\/fi\/wp-json\/wp\/v2\/pages"}],"about":[{"href":"https:\/\/ruunawere.ee\/fi\/wp-json\/wp\/v2\/types\/page"}],"author":[{"embeddable":true,"href":"https:\/\/ruunawere.ee\/fi\/wp-json\/wp\/v2\/users\/1"}],"replies":[{"embeddable":true,"href":"https:\/\/ruunawere.ee\/fi\/wp-json\/wp\/v2\/comments?post=2146"}],"version-history":[{"count":2,"href":"https:\/\/ruunawere.ee\/fi\/wp-json\/wp\/v2\/pages\/2146\/revisions"}],"predecessor-version":[{"id":2148,"href":"https:\/\/ruunawere.ee\/fi\/wp-json\/wp\/v2\/pages\/2146\/revisions\/2148"}],"wp:attachment":[{"href":"https:\/\/ruunawere.ee\/fi\/wp-json\/wp\/v2\/media?parent=2146"}],"curies":[{"name":"wp","href":"https:\/\/api.w.org\/{rel}","templated":true}]}}