{"id":2330,"date":"2025-06-11T15:36:16","date_gmt":"2025-06-11T15:36:16","guid":{"rendered":"https:\/\/ruunawere.ee\/good-deed\/"},"modified":"2025-06-29T06:51:44","modified_gmt":"2025-06-29T06:51:44","slug":"hyva-teko","status":"publish","type":"page","link":"https:\/\/ruunawere.ee\/fi\/hyva-teko\/","title":{"rendered":"Hyv\u00e4 teko"},"content":{"rendered":"\n<style type=\"text\/css\" data-created_by=\"avia_inline_auto\" id=\"style-css-av-1b22u-bf79983046cfeed9b08a6968953b09ea\">\n.avia-section.av-1b22u-bf79983046cfeed9b08a6968953b09ea .av-parallax .av-parallax-inner{\nbackground-color:#6b6b6b;\nbackground-image:url(https:\/\/ruunawere.ee\/wp-content\/uploads\/2025\/06\/Heategu.jpg);\nbackground-repeat:no-repeat;\nbackground-position:50% 100%;\nbackground-attachment:scroll;\n}\n.avia-section.av-1b22u-bf79983046cfeed9b08a6968953b09ea .av-section-color-overlay{\nopacity:0.6;\nbackground-color:#0a0a0a;\n}\n.avia-section.av-1b22u-bf79983046cfeed9b08a6968953b09ea .av-extra-border-element .av-extra-border-inner{\nbackground-color:#6b6b6b;\n}\n<\/style>\n<div id='av_section_1'  class='avia-section av-1b22u-bf79983046cfeed9b08a6968953b09ea main_color avia-section-default avia-no-shadow  avia-builder-el-0  el_before_av_section  avia-builder-el-first  avia-full-stretch av-parallax-section avia-bg-style-parallax av-section-color-overlay-active av-arrow-down-section container_wrap fullsize'  data-section-bg-repeat='stretch'><div class='av-parallax' data-avia-parallax-ratio='0.3' ><div class='av-parallax-inner main_color avia-full-stretch'><\/div><\/div><div class=\"av-section-color-overlay-wrap\"><div class=\"av-section-color-overlay\"><\/div><div class='container av-section-cont-open' ><main  role=\"main\" itemprop=\"mainContentOfPage\"  class='template-page content  av-content-full alpha units'><div class='post-entry post-entry-type-page post-entry-2330'><div class='entry-content-wrapper clearfix'>\n\n<style type=\"text\/css\" data-created_by=\"avia_inline_auto\" id=\"style-css-av-c3rtu-0c9e5f21c0586a1619e56979e137dd98\">\n#top .av-special-heading.av-c3rtu-0c9e5f21c0586a1619e56979e137dd98{\npadding-bottom:0;\ncolor:#ffffff;\nfont-size:45px;\n}\nbody .av-special-heading.av-c3rtu-0c9e5f21c0586a1619e56979e137dd98 .av-special-heading-tag .heading-char{\nfont-size:25px;\n}\n#top #wrap_all .av-special-heading.av-c3rtu-0c9e5f21c0586a1619e56979e137dd98 .av-special-heading-tag{\nfont-size:45px;\n}\n.av-special-heading.av-c3rtu-0c9e5f21c0586a1619e56979e137dd98 .special-heading-inner-border{\nborder-color:#ffffff;\n}\n.av-special-heading.av-c3rtu-0c9e5f21c0586a1619e56979e137dd98 .av-subheading{\nfont-size:20px;\n}\n\n@media only screen and (min-width: 480px) and (max-width: 767px){ \n#top #wrap_all .av-special-heading.av-c3rtu-0c9e5f21c0586a1619e56979e137dd98 .av-special-heading-tag{\nfont-size:0.8em;\n}\n}\n\n@media only screen and (max-width: 479px){ \n#top #wrap_all .av-special-heading.av-c3rtu-0c9e5f21c0586a1619e56979e137dd98 .av-special-heading-tag{\nfont-size:0.8em;\n}\n}\n<\/style>\n<div  class='av-special-heading av-c3rtu-0c9e5f21c0586a1619e56979e137dd98 av-special-heading-h1 custom-color-heading blockquote modern-quote  avia-builder-el-1  avia-builder-el-no-sibling  av-inherit-size'><h1 class='av-special-heading-tag '  itemprop=\"headline\"  >Hyv\u00e4 teko<\/h1><div class=\"special-heading-border\"><div class=\"special-heading-inner-border\"><\/div><\/div><\/div>\n<\/div><\/div><\/main><!-- close content main element --><\/div><div class='av-extra-border-element border-extra-arrow-down'><div class='av-extra-border-outer'><div class='av-extra-border-inner'><\/div><\/div><\/div><\/div><\/div><div id='av_section_2'  class='avia-section av-43y1e-40b533abb2956d621d9ed6e581a38f44 main_color avia-section-default avia-no-shadow  avia-builder-el-2  el_after_av_section  el_before_av_section  avia-bg-style-scroll container_wrap fullsize'  ><div class='container av-section-cont-open' ><div class='template-page content  av-content-full alpha units'><div class='post-entry post-entry-type-page post-entry-2330'><div class='entry-content-wrapper clearfix'>\n<div class='flex_column_table av-y7ffu-c04a4347b4b84296d3005a3533f2261c sc-av_one_half av-equal-height-column-flextable'>\n<style type=\"text\/css\" data-created_by=\"avia_inline_auto\" id=\"style-css-av-y7ffu-c04a4347b4b84296d3005a3533f2261c\">\n.flex_column.av-y7ffu-c04a4347b4b84296d3005a3533f2261c{\nwidth:48%;\nmargin-left:0;\n}\n#top .flex_column_table.av-equal-height-column-flextable.av-y7ffu-c04a4347b4b84296d3005a3533f2261c .av-flex-placeholder{\nwidth:4%;\n}\n<\/style>\n<div  class='flex_column av-y7ffu-c04a4347b4b84296d3005a3533f2261c av_one_half  avia-builder-el-3  el_before_av_one_half  avia-builder-el-first  first flex_column_table_cell av-equal-height-column av-align-top  '     ><section  class='av_textblock_section av-mbrwck2d-fc4782cdb328d1b91130cc86baa5c7ce '   itemscope=\"itemscope\" itemtype=\"https:\/\/schema.org\/CreativeWork\" ><div class='avia_textblock'  itemprop=\"text\" ><p><strong>Arvoisa vieras!<\/strong><\/p>\n<p>On aika tehd\u00e4 jotain hyv\u00e4\u00e4. Mik\u00e4 voisi olla kauniimpaa kuin\u00a0anna hyv\u00e4lle tuttavalle pala h\u00e4nen ajastaan, muista h\u00e4nt\u00e4\u00a0ja toivoa jotain hyv\u00e4\u00e4.<\/p>\n<p>Paras tapa tehd\u00e4 t\u00e4m\u00e4 on kirjoittaa h\u00e4nelle perinteinen kirje. Kiri\u00a0johon hyv\u00e4n halun energia on koodattu, on yksi ihana\u00a0pieni hyv\u00e4 teko.<\/p>\n<p>Kutsumme sinut viett\u00e4m\u00e4\u00e4n mukavaa aikaa ja maistumaan hyv\u00e4lt\u00e4\u00a0ruokaa ja tee yksi hyv\u00e4 teko kenelle tahansa, joka on sinulle rakas!<br \/>\n\u2013 Tutustu Ruunawereen, k\u00e4vele luonnossa ja tutustu toisiisi\u00a0osa hyv\u00e4\u00e4 musiikkia<br \/>\n\u2013 Nauti herkullisesta illallisesta<br \/>\n\u2013 Kirjoita kirje ja l\u00e4het\u00e4 hyvi\u00e4 toiveita<\/p>\n<p>Hyv\u00e4t ajatukset sis\u00e4lt\u00e4v\u00e4t hyvi\u00e4 tunteita ja hyvi\u00e4 tunteita\u00a0hyv\u00e4 energia kulkee k\u00e4si k\u00e4dess\u00e4.<\/p>\n<p>Ruunawere Postim\u00f5is on pienten hyv\u00e4ntekev\u00e4isyysj\u00e4rjest\u00f6jen v\u00e4litt\u00e4j\u00e4\u00a0vuodesta 1824. Meid\u00e4t kaikki on suunniteltu suorittamaan rituaali\u00a0parhaalla tavalla.<\/p>\n<p>Odotamme jo tapaamista kanssasi!<\/p>\n<p>Hyv\u00e4n toivomuksen kera<br \/>\nRuunawere Postim\u00f5is<\/p>\n<\/div><\/section><\/div><div class='av-flex-placeholder'><\/div>\n<style type=\"text\/css\" data-created_by=\"avia_inline_auto\" id=\"style-css-av-rgv6q-9d638860a93b4ba84d4293669ab0a349\">\n.flex_column.av-rgv6q-9d638860a93b4ba84d4293669ab0a349{\nwidth:48%;\nmargin-left:0;\n}\n#top .flex_column_table.av-equal-height-column-flextable.av-rgv6q-9d638860a93b4ba84d4293669ab0a349 .av-flex-placeholder{\nwidth:4%;\n}\n<\/style>\n<div  class='flex_column av-rgv6q-9d638860a93b4ba84d4293669ab0a349 av_one_half  avia-builder-el-5  el_after_av_one_half  avia-builder-el-last  flex_column_table_cell av-equal-height-column av-align-top  '     ><style type=\"text\/css\" data-created_by=\"avia_inline_auto\" id=\"style-css-av-mbs4mtcv-2ff2a15148cc6228535c1977c306cdc4\">\n.avia-image-container.av-mbs4mtcv-2ff2a15148cc6228535c1977c306cdc4 img.avia_image{\nbox-shadow:none;\n}\n.avia-image-container.av-mbs4mtcv-2ff2a15148cc6228535c1977c306cdc4 .av-image-caption-overlay-center{\ncolor:#ffffff;\n}\n<\/style>\n<div  class='avia-image-container av-mbs4mtcv-2ff2a15148cc6228535c1977c306cdc4 av-styling- avia-align-center  avia-builder-el-6  avia-builder-el-no-sibling '   itemprop=\"image\" itemscope=\"itemscope\" itemtype=\"https:\/\/schema.org\/ImageObject\" ><div class=\"avia-image-container-inner\"><div class=\"avia-image-overlay-wrap\"><img decoding=\"async\" fetchpriority=\"high\" class='wp-image-2326 avia-img-lazy-loading-not-2326 avia_image ' src=\"https:\/\/ruunawere.ee\/wp-content\/uploads\/2025\/06\/IMG_1922.jpg\" alt='' title='IMG_1922'  height=\"937\" width=\"703\"  itemprop=\"thumbnailUrl\" srcset=\"https:\/\/ruunawere.ee\/wp-content\/uploads\/2025\/06\/IMG_1922.jpg 703w, https:\/\/ruunawere.ee\/wp-content\/uploads\/2025\/06\/IMG_1922-225x300.jpg 225w, https:\/\/ruunawere.ee\/wp-content\/uploads\/2025\/06\/IMG_1922-529x705.jpg 529w\" sizes=\"(max-width: 703px) 100vw, 703px\" \/><\/div><\/div><\/div><\/div><\/div><!--close column table wrapper. Autoclose: 1 --><\/div><\/div><\/div><!-- close content main div --><\/div><\/div><div id='av_section_3'  class='avia-section av-1djbpp-44ff75caa13fabe4bec3c79c65e2fc15 main_color avia-section-default avia-no-shadow  avia-builder-el-7  el_after_av_section  el_before_av_textblock  avia-bg-style-scroll container_wrap fullsize'  ><div class='container av-section-cont-open' ><div class='template-page content  av-content-full alpha units'><div class='post-entry post-entry-type-page post-entry-2330'><div class='entry-content-wrapper clearfix'>\n<div class='flex_column_table av-zekwd-fc8033f068f35cb080032e4384371f3f sc-av_one_full av-equal-height-column-flextable'>\n<style type=\"text\/css\" data-created_by=\"avia_inline_auto\" id=\"style-css-av-zekwd-fc8033f068f35cb080032e4384371f3f\">\n.flex_column.av-zekwd-fc8033f068f35cb080032e4384371f3f{\nwidth:100%;\nmargin-left:0;\n}\n#top .flex_column_table.av-equal-height-column-flextable.av-zekwd-fc8033f068f35cb080032e4384371f3f .av-flex-placeholder{\nwidth:0%;\n}\n<\/style>\n<div  class='flex_column av-zekwd-fc8033f068f35cb080032e4384371f3f av_one_full  avia-builder-el-8  avia-builder-el-no-sibling  first flex_column_table_cell av-equal-height-column av-align-top  '     ><style type=\"text\/css\" data-created_by=\"avia_inline_auto\" id=\"style-css-av-mbs4qafv-d2fdc0ef1c0d22a5866404be27da3a90\">\n#top .avia-gallery.av-mbs4qafv-d2fdc0ef1c0d22a5866404be27da3a90 .avia-gallery-thumb a{\nwidth:20%;\n}\n<\/style>\n<div  class='avia-gallery av-mbs4qafv-d2fdc0ef1c0d22a5866404be27da3a90 avia_animate_when_visible  avia-builder-el-9  avia-builder-el-no-sibling  avia_lazyload avia-gallery-animate avia-gallery-1'  itemprop=\"image\" itemscope=\"itemscope\" itemtype=\"https:\/\/schema.org\/ImageObject\" ><meta itemprop=\"contentURL\" content=\"https:\/\/ruunawere.ee\/fi\/hyva-teko\/\"><div class='avia-gallery-thumb'><a href=\"https:\/\/ruunawere.ee\/wp-content\/uploads\/2025\/06\/20240214_DSCF6938_lr-768x512-1.jpg\" data-srcset=\"https:\/\/ruunawere.ee\/wp-content\/uploads\/2025\/06\/20240214_DSCF6938_lr-768x512-1.jpg 768w, https:\/\/ruunawere.ee\/wp-content\/uploads\/2025\/06\/20240214_DSCF6938_lr-768x512-1-300x200.jpg 300w, https:\/\/ruunawere.ee\/wp-content\/uploads\/2025\/06\/20240214_DSCF6938_lr-768x512-1-705x470.jpg 705w\" data-sizes=\"(max-width: 768px) 100vw, 768px\" data-rel='gallery-1' data-prev-img='https:\/\/ruunawere.ee\/wp-content\/uploads\/2025\/06\/20240214_DSCF6938_lr-768x512-1-495x400.jpg' class='first_thumb lightbox ' data-onclick='1' title=''  itemprop=\"thumbnailUrl\"  ><img decoding=\"async\" fetchpriority=\"high\" class=\"wp-image-1954 avia-img-lazy-loading-not-1954\"   src=\"https:\/\/ruunawere.ee\/wp-content\/uploads\/2025\/06\/20240214_DSCF6938_lr-768x512-1-495x400.jpg\" width=\"495\" height=\"400\"  title='' alt='' \/><div class='big-prev-fake'><img decoding=\"async\" loading=\"lazy\" class=\"wp-image-1954 avia-img-lazy-loading-1954\"  width=\"495\" height=\"400\" src=\"https:\/\/ruunawere.ee\/wp-content\/uploads\/2025\/06\/20240214_DSCF6938_lr-768x512-1-495x400.jpg\" title='' alt='' \/><\/div><\/a><a href=\"https:\/\/ruunawere.ee\/wp-content\/uploads\/2025\/06\/20240214_DSCF6931_lr-1024x683-1.jpg\" data-srcset=\"https:\/\/ruunawere.ee\/wp-content\/uploads\/2025\/06\/20240214_DSCF6931_lr-1024x683-1.jpg 1024w, https:\/\/ruunawere.ee\/wp-content\/uploads\/2025\/06\/20240214_DSCF6931_lr-1024x683-1-300x200.jpg 300w, https:\/\/ruunawere.ee\/wp-content\/uploads\/2025\/06\/20240214_DSCF6931_lr-1024x683-1-768x512.jpg 768w, https:\/\/ruunawere.ee\/wp-content\/uploads\/2025\/06\/20240214_DSCF6931_lr-1024x683-1-705x470.jpg 705w\" data-sizes=\"(max-width: 1024px) 100vw, 1024px\" data-rel='gallery-1' data-prev-img='https:\/\/ruunawere.ee\/wp-content\/uploads\/2025\/06\/20240214_DSCF6931_lr-1024x683-1-495x400.jpg' class='lightbox ' data-onclick='2' title='20240214_DSCF6931_lr-1024x683'  itemprop=\"thumbnailUrl\"  ><img decoding=\"async\" fetchpriority=\"high\" class=\"wp-image-1957 avia-img-lazy-loading-not-1957\"   src=\"https:\/\/ruunawere.ee\/wp-content\/uploads\/2025\/06\/20240214_DSCF6931_lr-1024x683-1-495x400.jpg\" width=\"495\" height=\"400\"  title='20240214_DSCF6931_lr-1024x683' alt='' srcset=\"https:\/\/ruunawere.ee\/wp-content\/uploads\/2025\/06\/20240214_DSCF6931_lr-1024x683-1-495x400.jpg 495w, https:\/\/ruunawere.ee\/wp-content\/uploads\/2025\/06\/20240214_DSCF6931_lr-1024x683-1-845x683.jpg 845w\" sizes=\"(max-width: 495px) 100vw, 495px\" \/><div class='big-prev-fake'><img decoding=\"async\" loading=\"lazy\" class=\"wp-image-1957 avia-img-lazy-loading-1957\"  width=\"495\" height=\"400\" src=\"https:\/\/ruunawere.ee\/wp-content\/uploads\/2025\/06\/20240214_DSCF6931_lr-1024x683-1-495x400.jpg\" title='20240214_DSCF6931_lr-1024x683' alt='' srcset=\"https:\/\/ruunawere.ee\/wp-content\/uploads\/2025\/06\/20240214_DSCF6931_lr-1024x683-1-495x400.jpg 495w, https:\/\/ruunawere.ee\/wp-content\/uploads\/2025\/06\/20240214_DSCF6931_lr-1024x683-1-845x683.jpg 845w\" sizes=\"auto, (max-width: 495px) 100vw, 495px\" \/><\/div><\/a><a href=\"https:\/\/ruunawere.ee\/wp-content\/uploads\/2025\/06\/20240214_DSCF6951_lr-1024x683-2.jpg\" data-srcset=\"https:\/\/ruunawere.ee\/wp-content\/uploads\/2025\/06\/20240214_DSCF6951_lr-1024x683-2.jpg 1024w, https:\/\/ruunawere.ee\/wp-content\/uploads\/2025\/06\/20240214_DSCF6951_lr-1024x683-2-300x200.jpg 300w, https:\/\/ruunawere.ee\/wp-content\/uploads\/2025\/06\/20240214_DSCF6951_lr-1024x683-2-768x512.jpg 768w, https:\/\/ruunawere.ee\/wp-content\/uploads\/2025\/06\/20240214_DSCF6951_lr-1024x683-2-705x470.jpg 705w\" data-sizes=\"(max-width: 1024px) 100vw, 1024px\" data-rel='gallery-1' data-prev-img='https:\/\/ruunawere.ee\/wp-content\/uploads\/2025\/06\/20240214_DSCF6951_lr-1024x683-2-495x400.jpg' class='lightbox ' data-onclick='3' title='20240214_DSCF6951_lr-1024x683'  itemprop=\"thumbnailUrl\"  ><img decoding=\"async\" fetchpriority=\"high\" class=\"wp-image-1960 avia-img-lazy-loading-not-1960\"   src=\"https:\/\/ruunawere.ee\/wp-content\/uploads\/2025\/06\/20240214_DSCF6951_lr-1024x683-2-495x400.jpg\" width=\"495\" height=\"400\"  title='20240214_DSCF6951_lr-1024x683' alt='' srcset=\"https:\/\/ruunawere.ee\/wp-content\/uploads\/2025\/06\/20240214_DSCF6951_lr-1024x683-2-495x400.jpg 495w, https:\/\/ruunawere.ee\/wp-content\/uploads\/2025\/06\/20240214_DSCF6951_lr-1024x683-2-845x683.jpg 845w\" sizes=\"(max-width: 495px) 100vw, 495px\" \/><div class='big-prev-fake'><img decoding=\"async\" loading=\"lazy\" class=\"wp-image-1960 avia-img-lazy-loading-1960\"  width=\"495\" height=\"400\" src=\"https:\/\/ruunawere.ee\/wp-content\/uploads\/2025\/06\/20240214_DSCF6951_lr-1024x683-2-495x400.jpg\" title='20240214_DSCF6951_lr-1024x683' alt='' srcset=\"https:\/\/ruunawere.ee\/wp-content\/uploads\/2025\/06\/20240214_DSCF6951_lr-1024x683-2-495x400.jpg 495w, https:\/\/ruunawere.ee\/wp-content\/uploads\/2025\/06\/20240214_DSCF6951_lr-1024x683-2-845x683.jpg 845w\" sizes=\"auto, (max-width: 495px) 100vw, 495px\" \/><\/div><\/a><a href=\"https:\/\/ruunawere.ee\/wp-content\/uploads\/2025\/06\/20240214_DSCF6986_lr-1024x683-2.jpg\" data-srcset=\"https:\/\/ruunawere.ee\/wp-content\/uploads\/2025\/06\/20240214_DSCF6986_lr-1024x683-2.jpg 1024w, https:\/\/ruunawere.ee\/wp-content\/uploads\/2025\/06\/20240214_DSCF6986_lr-1024x683-2-300x200.jpg 300w, https:\/\/ruunawere.ee\/wp-content\/uploads\/2025\/06\/20240214_DSCF6986_lr-1024x683-2-768x512.jpg 768w, https:\/\/ruunawere.ee\/wp-content\/uploads\/2025\/06\/20240214_DSCF6986_lr-1024x683-2-705x470.jpg 705w\" data-sizes=\"(max-width: 1024px) 100vw, 1024px\" data-rel='gallery-1' data-prev-img='https:\/\/ruunawere.ee\/wp-content\/uploads\/2025\/06\/20240214_DSCF6986_lr-1024x683-2-495x400.jpg' class='lightbox ' data-onclick='4' title='20240214_DSCF6986_lr-1024x683'  itemprop=\"thumbnailUrl\"  ><img decoding=\"async\" fetchpriority=\"high\" class=\"wp-image-1963 avia-img-lazy-loading-not-1963\"   src=\"https:\/\/ruunawere.ee\/wp-content\/uploads\/2025\/06\/20240214_DSCF6986_lr-1024x683-2-495x400.jpg\" width=\"495\" height=\"400\"  title='20240214_DSCF6986_lr-1024x683' alt='' srcset=\"https:\/\/ruunawere.ee\/wp-content\/uploads\/2025\/06\/20240214_DSCF6986_lr-1024x683-2-495x400.jpg 495w, https:\/\/ruunawere.ee\/wp-content\/uploads\/2025\/06\/20240214_DSCF6986_lr-1024x683-2-845x683.jpg 845w\" sizes=\"(max-width: 495px) 100vw, 495px\" \/><div class='big-prev-fake'><img decoding=\"async\" loading=\"lazy\" class=\"wp-image-1963 avia-img-lazy-loading-1963\"  width=\"495\" height=\"400\" src=\"https:\/\/ruunawere.ee\/wp-content\/uploads\/2025\/06\/20240214_DSCF6986_lr-1024x683-2-495x400.jpg\" title='20240214_DSCF6986_lr-1024x683' alt='' srcset=\"https:\/\/ruunawere.ee\/wp-content\/uploads\/2025\/06\/20240214_DSCF6986_lr-1024x683-2-495x400.jpg 495w, https:\/\/ruunawere.ee\/wp-content\/uploads\/2025\/06\/20240214_DSCF6986_lr-1024x683-2-845x683.jpg 845w\" sizes=\"auto, (max-width: 495px) 100vw, 495px\" \/><\/div><\/a><a href=\"https:\/\/ruunawere.ee\/wp-content\/uploads\/2025\/06\/20240214_DSCF7264_lr-1024x683-2.jpg\" data-srcset=\"https:\/\/ruunawere.ee\/wp-content\/uploads\/2025\/06\/20240214_DSCF7264_lr-1024x683-2.jpg 1024w, https:\/\/ruunawere.ee\/wp-content\/uploads\/2025\/06\/20240214_DSCF7264_lr-1024x683-2-300x200.jpg 300w, https:\/\/ruunawere.ee\/wp-content\/uploads\/2025\/06\/20240214_DSCF7264_lr-1024x683-2-768x512.jpg 768w, https:\/\/ruunawere.ee\/wp-content\/uploads\/2025\/06\/20240214_DSCF7264_lr-1024x683-2-705x470.jpg 705w\" data-sizes=\"(max-width: 1024px) 100vw, 1024px\" data-rel='gallery-1' data-prev-img='https:\/\/ruunawere.ee\/wp-content\/uploads\/2025\/06\/20240214_DSCF7264_lr-1024x683-2-495x400.jpg' class='lightbox ' data-onclick='5' title='20240214_DSCF7264_lr-1024x683'  itemprop=\"thumbnailUrl\"  ><img decoding=\"async\" fetchpriority=\"high\" class=\"wp-image-1966 avia-img-lazy-loading-not-1966\"   src=\"https:\/\/ruunawere.ee\/wp-content\/uploads\/2025\/06\/20240214_DSCF7264_lr-1024x683-2-495x400.jpg\" width=\"495\" height=\"400\"  title='20240214_DSCF7264_lr-1024x683' alt='' srcset=\"https:\/\/ruunawere.ee\/wp-content\/uploads\/2025\/06\/20240214_DSCF7264_lr-1024x683-2-495x400.jpg 495w, https:\/\/ruunawere.ee\/wp-content\/uploads\/2025\/06\/20240214_DSCF7264_lr-1024x683-2-845x683.jpg 845w\" sizes=\"(max-width: 495px) 100vw, 495px\" \/><div class='big-prev-fake'><img decoding=\"async\" loading=\"lazy\" class=\"wp-image-1966 avia-img-lazy-loading-1966\"  width=\"495\" height=\"400\" src=\"https:\/\/ruunawere.ee\/wp-content\/uploads\/2025\/06\/20240214_DSCF7264_lr-1024x683-2-495x400.jpg\" title='20240214_DSCF7264_lr-1024x683' alt='' srcset=\"https:\/\/ruunawere.ee\/wp-content\/uploads\/2025\/06\/20240214_DSCF7264_lr-1024x683-2-495x400.jpg 495w, https:\/\/ruunawere.ee\/wp-content\/uploads\/2025\/06\/20240214_DSCF7264_lr-1024x683-2-845x683.jpg 845w\" sizes=\"auto, (max-width: 495px) 100vw, 495px\" \/><\/div><\/a><\/div><\/div><\/div><\/div><!--close column table wrapper. Autoclose: 1 -->\n<\/div><\/div><\/div><!-- close content main div --><\/div><\/div><div id='after_section_3'  class='main_color av_default_container_wrap container_wrap fullsize'  ><div class='container av-section-cont-open' ><div class='template-page content  av-content-full alpha units'><div class='post-entry post-entry-type-page post-entry-2330'><div class='entry-content-wrapper clearfix'><\/p>\n<section  class='av_textblock_section av-mbs4nmni-1d3c811f0981294ba4593f272987ded8 '   itemscope=\"itemscope\" itemtype=\"https:\/\/schema.org\/CreativeWork\" ><div class='avia_textblock'  itemprop=\"text\" ><p style=\"text-align: center;\">Ruunawere Postim\u00f5is on toiminut pienten yst\u00e4v\u00e4llisyyden tekojen v\u00e4litt\u00e4j\u00e4n\u00e4 vuodesta 1824 l\u00e4htien.<br \/>\nOdotamme innolla tapaamistamme!<\/p>\n<\/div><\/section>\n","protected":false},"excerpt":{"rendered":"","protected":false},"author":1,"featured_media":0,"parent":0,"menu_order":0,"comment_status":"closed","ping_status":"closed","template":"","meta":{"footnotes":""},"class_list":["post-2330","page","type-page","status-publish","hentry"],"yoast_head":"<!-- This site is optimized with the Yoast SEO plugin v27.3 - https:\/\/yoast.com\/product\/yoast-seo-wordpress\/ -->\n<title>Hyv\u00e4 teko - Ruunawere Hotell<\/title>\n<meta name=\"robots\" content=\"index, follow, max-snippet:-1, max-image-preview:large, max-video-preview:-1\" \/>\n<link rel=\"canonical\" href=\"https:\/\/ruunawere.ee\/fi\/hyva-teko\/\" \/>\n<meta property=\"og:locale\" content=\"fi_FI\" \/>\n<meta property=\"og:type\" content=\"article\" \/>\n<meta property=\"og:title\" content=\"Hyv\u00e4 teko - Ruunawere Hotell\" \/>\n<meta property=\"og:url\" content=\"https:\/\/ruunawere.ee\/fi\/hyva-teko\/\" \/>\n<meta property=\"og:site_name\" content=\"Ruunawere Hotell\" \/>\n<meta property=\"article:modified_time\" content=\"2025-06-29T06:51:44+00:00\" \/>\n<meta name=\"twitter:card\" content=\"summary_large_image\" \/>\n<meta name=\"twitter:label1\" content=\"Arvioitu lukuaika\" \/>\n\t<meta name=\"twitter:data1\" content=\"14 minuuttia\" \/>\n<script type=\"application\/ld+json\" class=\"yoast-schema-graph\">{\"@context\":\"https:\\\/\\\/schema.org\",\"@graph\":[{\"@type\":\"WebPage\",\"@id\":\"https:\\\/\\\/ruunawere.ee\\\/fi\\\/hyva-teko\\\/\",\"url\":\"https:\\\/\\\/ruunawere.ee\\\/fi\\\/hyva-teko\\\/\",\"name\":\"Hyv\u00e4 teko - Ruunawere Hotell\",\"isPartOf\":{\"@id\":\"https:\\\/\\\/ruunawere.ee\\\/#website\"},\"datePublished\":\"2025-06-11T15:36:16+00:00\",\"dateModified\":\"2025-06-29T06:51:44+00:00\",\"breadcrumb\":{\"@id\":\"https:\\\/\\\/ruunawere.ee\\\/fi\\\/hyva-teko\\\/#breadcrumb\"},\"inLanguage\":\"fi\",\"potentialAction\":[{\"@type\":\"ReadAction\",\"target\":[\"https:\\\/\\\/ruunawere.ee\\\/fi\\\/hyva-teko\\\/\"]}]},{\"@type\":\"BreadcrumbList\",\"@id\":\"https:\\\/\\\/ruunawere.ee\\\/fi\\\/hyva-teko\\\/#breadcrumb\",\"itemListElement\":[{\"@type\":\"ListItem\",\"position\":1,\"name\":\"Home\",\"item\":\"https:\\\/\\\/ruunawere.ee\\\/fi\\\/\"},{\"@type\":\"ListItem\",\"position\":2,\"name\":\"Hyv\u00e4 teko\"}]},{\"@type\":\"WebSite\",\"@id\":\"https:\\\/\\\/ruunawere.ee\\\/#website\",\"url\":\"https:\\\/\\\/ruunawere.ee\\\/\",\"name\":\"Ruunawere Hotell\",\"description\":\"\",\"potentialAction\":[{\"@type\":\"SearchAction\",\"target\":{\"@type\":\"EntryPoint\",\"urlTemplate\":\"https:\\\/\\\/ruunawere.ee\\\/?s={search_term_string}\"},\"query-input\":{\"@type\":\"PropertyValueSpecification\",\"valueRequired\":true,\"valueName\":\"search_term_string\"}}],\"inLanguage\":\"fi\"}]}<\/script>\n<!-- \/ Yoast SEO plugin. -->","yoast_head_json":{"title":"Hyv\u00e4 teko - Ruunawere Hotell","robots":{"index":"index","follow":"follow","max-snippet":"max-snippet:-1","max-image-preview":"max-image-preview:large","max-video-preview":"max-video-preview:-1"},"canonical":"https:\/\/ruunawere.ee\/fi\/hyva-teko\/","og_locale":"fi_FI","og_type":"article","og_title":"Hyv\u00e4 teko - Ruunawere Hotell","og_url":"https:\/\/ruunawere.ee\/fi\/hyva-teko\/","og_site_name":"Ruunawere Hotell","article_modified_time":"2025-06-29T06:51:44+00:00","twitter_card":"summary_large_image","twitter_misc":{"Arvioitu lukuaika":"14 minuuttia"},"schema":{"@context":"https:\/\/schema.org","@graph":[{"@type":"WebPage","@id":"https:\/\/ruunawere.ee\/fi\/hyva-teko\/","url":"https:\/\/ruunawere.ee\/fi\/hyva-teko\/","name":"Hyv\u00e4 teko - Ruunawere Hotell","isPartOf":{"@id":"https:\/\/ruunawere.ee\/#website"},"datePublished":"2025-06-11T15:36:16+00:00","dateModified":"2025-06-29T06:51:44+00:00","breadcrumb":{"@id":"https:\/\/ruunawere.ee\/fi\/hyva-teko\/#breadcrumb"},"inLanguage":"fi","potentialAction":[{"@type":"ReadAction","target":["https:\/\/ruunawere.ee\/fi\/hyva-teko\/"]}]},{"@type":"BreadcrumbList","@id":"https:\/\/ruunawere.ee\/fi\/hyva-teko\/#breadcrumb","itemListElement":[{"@type":"ListItem","position":1,"name":"Home","item":"https:\/\/ruunawere.ee\/fi\/"},{"@type":"ListItem","position":2,"name":"Hyv\u00e4 teko"}]},{"@type":"WebSite","@id":"https:\/\/ruunawere.ee\/#website","url":"https:\/\/ruunawere.ee\/","name":"Ruunawere Hotell","description":"","potentialAction":[{"@type":"SearchAction","target":{"@type":"EntryPoint","urlTemplate":"https:\/\/ruunawere.ee\/?s={search_term_string}"},"query-input":{"@type":"PropertyValueSpecification","valueRequired":true,"valueName":"search_term_string"}}],"inLanguage":"fi"}]}},"_links":{"self":[{"href":"https:\/\/ruunawere.ee\/fi\/wp-json\/wp\/v2\/pages\/2330","targetHints":{"allow":["GET"]}}],"collection":[{"href":"https:\/\/ruunawere.ee\/fi\/wp-json\/wp\/v2\/pages"}],"about":[{"href":"https:\/\/ruunawere.ee\/fi\/wp-json\/wp\/v2\/types\/page"}],"author":[{"embeddable":true,"href":"https:\/\/ruunawere.ee\/fi\/wp-json\/wp\/v2\/users\/1"}],"replies":[{"embeddable":true,"href":"https:\/\/ruunawere.ee\/fi\/wp-json\/wp\/v2\/comments?post=2330"}],"version-history":[{"count":1,"href":"https:\/\/ruunawere.ee\/fi\/wp-json\/wp\/v2\/pages\/2330\/revisions"}],"predecessor-version":[{"id":2331,"href":"https:\/\/ruunawere.ee\/fi\/wp-json\/wp\/v2\/pages\/2330\/revisions\/2331"}],"wp:attachment":[{"href":"https:\/\/ruunawere.ee\/fi\/wp-json\/wp\/v2\/media?parent=2330"}],"curies":[{"name":"wp","href":"https:\/\/api.w.org\/{rel}","templated":true}]}}