{"id":2346,"date":"2025-06-11T15:58:49","date_gmt":"2025-06-11T15:58:49","guid":{"rendered":"https:\/\/ruunawere.ee\/forest-trail\/"},"modified":"2025-06-29T07:00:05","modified_gmt":"2025-06-29T07:00:05","slug":"metsan-polku","status":"publish","type":"page","link":"https:\/\/ruunawere.ee\/fi\/metsan-polku\/","title":{"rendered":"Mets\u00e4n polku"},"content":{"rendered":"\n<style type=\"text\/css\" data-created_by=\"avia_inline_auto\" id=\"style-css-av-1b22u-a28dfa55a8edd4b2dd3b9ddef5c88d78\">\n.avia-section.av-1b22u-a28dfa55a8edd4b2dd3b9ddef5c88d78 .av-parallax .av-parallax-inner{\nbackground-color:#6b6b6b;\nbackground-image:url(https:\/\/ruunawere.ee\/wp-content\/uploads\/2025\/06\/Uksuse-RJ-Malev-183.jpg-koopia-1024x-300x294.jpg);\nbackground-repeat:no-repeat;\nbackground-position:50% 0%;\nbackground-attachment:scroll;\n}\n.avia-section.av-1b22u-a28dfa55a8edd4b2dd3b9ddef5c88d78 .av-section-color-overlay{\nopacity:0.6;\nbackground-color:#0a0a0a;\n}\n.avia-section.av-1b22u-a28dfa55a8edd4b2dd3b9ddef5c88d78 .av-extra-border-element .av-extra-border-inner{\nbackground-color:#6b6b6b;\n}\n<\/style>\n<div id='av_section_1'  class='avia-section av-1b22u-a28dfa55a8edd4b2dd3b9ddef5c88d78 main_color avia-section-default avia-no-shadow  avia-builder-el-0  el_before_av_section  avia-builder-el-first  avia-full-stretch av-parallax-section avia-bg-style-parallax av-section-color-overlay-active av-arrow-down-section container_wrap fullsize'  data-section-bg-repeat='stretch'><div class='av-parallax' data-avia-parallax-ratio='0.3' ><div class='av-parallax-inner main_color avia-full-stretch'><\/div><\/div><div class=\"av-section-color-overlay-wrap\"><div class=\"av-section-color-overlay\"><\/div><div class='container av-section-cont-open' ><main  role=\"main\" itemprop=\"mainContentOfPage\"  class='template-page content  av-content-full alpha units'><div class='post-entry post-entry-type-page post-entry-2346'><div class='entry-content-wrapper clearfix'>\n\n<style type=\"text\/css\" data-created_by=\"avia_inline_auto\" id=\"style-css-av-c3rtu-02ac4081c7276e22d87c80ca6cbcd572\">\n#top .av-special-heading.av-c3rtu-02ac4081c7276e22d87c80ca6cbcd572{\npadding-bottom:0;\ncolor:#ffffff;\nfont-size:45px;\n}\nbody .av-special-heading.av-c3rtu-02ac4081c7276e22d87c80ca6cbcd572 .av-special-heading-tag .heading-char{\nfont-size:25px;\n}\n#top #wrap_all .av-special-heading.av-c3rtu-02ac4081c7276e22d87c80ca6cbcd572 .av-special-heading-tag{\nfont-size:45px;\n}\n.av-special-heading.av-c3rtu-02ac4081c7276e22d87c80ca6cbcd572 .special-heading-inner-border{\nborder-color:#ffffff;\n}\n.av-special-heading.av-c3rtu-02ac4081c7276e22d87c80ca6cbcd572 .av-subheading{\nfont-size:20px;\n}\n\n@media only screen and (min-width: 480px) and (max-width: 767px){ \n#top #wrap_all .av-special-heading.av-c3rtu-02ac4081c7276e22d87c80ca6cbcd572 .av-special-heading-tag{\nfont-size:0.8em;\n}\n}\n\n@media only screen and (max-width: 479px){ \n#top #wrap_all .av-special-heading.av-c3rtu-02ac4081c7276e22d87c80ca6cbcd572 .av-special-heading-tag{\nfont-size:0.8em;\n}\n}\n<\/style>\n<div  class='av-special-heading av-c3rtu-02ac4081c7276e22d87c80ca6cbcd572 av-special-heading-h1 custom-color-heading blockquote modern-quote  avia-builder-el-1  avia-builder-el-no-sibling  av-inherit-size'><h1 class='av-special-heading-tag '  itemprop=\"headline\"  >Mets\u00e4n polku<\/h1><div class=\"special-heading-border\"><div class=\"special-heading-inner-border\"><\/div><\/div><\/div>\n<\/div><\/div><\/main><!-- close content main element --><\/div><div class='av-extra-border-element border-extra-arrow-down'><div class='av-extra-border-outer'><div class='av-extra-border-inner'><\/div><\/div><\/div><\/div><\/div><div id='av_section_2'  class='avia-section av-43y1e-40b533abb2956d621d9ed6e581a38f44 main_color avia-section-default avia-no-shadow  avia-builder-el-2  el_after_av_section  avia-builder-el-last  avia-bg-style-scroll container_wrap fullsize'  ><div class='container av-section-cont-open' ><div class='template-page content  av-content-full alpha units'><div class='post-entry post-entry-type-page post-entry-2346'><div class='entry-content-wrapper clearfix'>\n<div class='flex_column_table av-y7ffu-c04a4347b4b84296d3005a3533f2261c sc-av_one_half av-equal-height-column-flextable'>\n<style type=\"text\/css\" data-created_by=\"avia_inline_auto\" id=\"style-css-av-y7ffu-c04a4347b4b84296d3005a3533f2261c\">\n.flex_column.av-y7ffu-c04a4347b4b84296d3005a3533f2261c{\nwidth:48%;\nmargin-left:0;\n}\n#top .flex_column_table.av-equal-height-column-flextable.av-y7ffu-c04a4347b4b84296d3005a3533f2261c .av-flex-placeholder{\nwidth:4%;\n}\n<\/style>\n<div  class='flex_column av-y7ffu-c04a4347b4b84296d3005a3533f2261c av_one_half  avia-builder-el-3  el_before_av_one_half  avia-builder-el-first  first flex_column_table_cell av-equal-height-column av-align-top  '     ><section  class='av_textblock_section av-mbrwck2d-fc4782cdb328d1b91130cc86baa5c7ce '   itemscope=\"itemscope\" itemtype=\"https:\/\/schema.org\/CreativeWork\" ><div class='avia_textblock'  itemprop=\"text\" ><p>Ruunaweren mets\u00e4polku sijaitsee 25 hehtaarin mets\u00e4ss\u00e4. Reitti kiemurtelee osittain Kasarijoen rantaa pitkin. Ruunaweren mets\u00e4n maaper\u00e4 on t\u00e4ll\u00e4 pienell\u00e4 alueella hyvin monimuotoista, mik\u00e4 mahdollistaa suuren lajirikkauden l\u00f6ytymisen pienelt\u00e4 alueelta. Kasarijoen uoman vuoksi my\u00f6s maisema vaihtelee.<\/p>\n<p>Polku alkaa Ruunaweren pystysuorasta. Polku alkaa heti alussa kahdessa: voi kulkea my\u00f6t\u00e4- ja vastap\u00e4iv\u00e4\u00e4n. Mets\u00e4polulla on 12 pes\u00e4\u00e4 (jalassa laatikoita), joihin kannattaa kurkistaa \u2013 sielt\u00e4 l\u00f6ytyy mahtavia l\u00f6yt\u00f6j\u00e4.<\/p>\n<p>Mets\u00e4polun pituus on 2 km. Reitti on osittain merkitty nauhoilla. Joen varrella n\u00e4kyy my\u00f6s vanhan majavan pes\u00e4n kohouma.<\/p>\n<p>Ruunaweren mets\u00e4 on alemmalla alueella. Reitin ylitt\u00e4minen on mukavampaa vahvemmilla kengill\u00e4, sateisella s\u00e4\u00e4ll\u00e4 polku voi olla ajoittain mutaista.<\/p>\n<p>Virkist\u00e4v\u00e4n k\u00e4velyn lis\u00e4ksi yritys voi tilata my\u00f6s j\u00e4nnitt\u00e4v\u00e4n seikkailupelin mets\u00e4polulle opastuksen kera. Jos kiinnostuit, pyyd\u00e4 tarjous a<\/p>\n<p>Ruunaweren mets\u00e4polku sijaitsee 25 hehtaarin mets\u00e4ss\u00e4. Reitti kiemurtelee osittain Kasarijoen rantaa pitkin. Ruunaweren mets\u00e4n maaper\u00e4 on t\u00e4ll\u00e4 pienell\u00e4 alueella hyvin monimuotoista, mik\u00e4 mahdollistaa suuren lajirikkauden l\u00f6ytymisen pienelt\u00e4 alueelta. Kasarijoen uoman vuoksi my\u00f6s maisema vaihtelee.<\/p>\n<p>Polku alkaa Ruunaweren pystysuorasta. Polku alkaa heti alussa kahdessa: voi kulkea my\u00f6t\u00e4- ja vastap\u00e4iv\u00e4\u00e4n. Mets\u00e4polulla on 12 pes\u00e4\u00e4 (jalassa laatikoita), joihin kannattaa kurkistaa \u2013 sielt\u00e4 l\u00f6ytyy mahtavia l\u00f6yt\u00f6j\u00e4.<\/p>\n<p>Mets\u00e4polun pituus on 2 km. Reitti on osittain merkitty nauhoilla. Joen varrella n\u00e4kyy my\u00f6s vanhan majavan pes\u00e4n kohouma.<\/p>\n<p>Ruunaweren mets\u00e4 on alemmalla alueella. Reitin ylitt\u00e4minen on mukavampaa vahvemmilla kengill\u00e4, sateisella s\u00e4\u00e4ll\u00e4 polku voi olla ajoittain mutaista.<\/p>\n<p>Virkist\u00e4v\u00e4n k\u00e4velyn lis\u00e4ksi yritys voi tilata my\u00f6s j\u00e4nnitt\u00e4v\u00e4n seikkailupelin mets\u00e4polulle opastuksen kera. Jos kiinnostuit, pyyd\u00e4 tarjous!<\/p>\n<\/div><\/section><\/div><div class='av-flex-placeholder'><\/div>\n<style type=\"text\/css\" data-created_by=\"avia_inline_auto\" id=\"style-css-av-rgv6q-9d638860a93b4ba84d4293669ab0a349\">\n.flex_column.av-rgv6q-9d638860a93b4ba84d4293669ab0a349{\nwidth:48%;\nmargin-left:0;\n}\n#top .flex_column_table.av-equal-height-column-flextable.av-rgv6q-9d638860a93b4ba84d4293669ab0a349 .av-flex-placeholder{\nwidth:4%;\n}\n<\/style>\n<div  class='flex_column av-rgv6q-9d638860a93b4ba84d4293669ab0a349 av_one_half  avia-builder-el-5  el_after_av_one_half  avia-builder-el-last  flex_column_table_cell av-equal-height-column av-align-top  '     ><style type=\"text\/css\" data-created_by=\"avia_inline_auto\" id=\"style-css-av-mbs4mtcv-7512349ae0df587bceac1ff24a39b159\">\n.avia-image-container.av-mbs4mtcv-7512349ae0df587bceac1ff24a39b159 img.avia_image{\nbox-shadow:none;\n}\n.avia-image-container.av-mbs4mtcv-7512349ae0df587bceac1ff24a39b159 .av-image-caption-overlay-center{\ncolor:#ffffff;\n}\n<\/style>\n<div  class='avia-image-container av-mbs4mtcv-7512349ae0df587bceac1ff24a39b159 av-styling- avia-align-center  avia-builder-el-6  avia-builder-el-no-sibling '   itemprop=\"image\" itemscope=\"itemscope\" itemtype=\"https:\/\/schema.org\/ImageObject\" ><div class=\"avia-image-container-inner\"><div class=\"avia-image-overlay-wrap\"><img decoding=\"async\" fetchpriority=\"high\" class='wp-image-1969 avia-img-lazy-loading-not-1969 avia_image ' src=\"https:\/\/ruunawere.ee\/wp-content\/uploads\/2025\/06\/metsarada-1024x776-1.png\" alt='' title=''  height=\"776\" width=\"1024\"  itemprop=\"thumbnailUrl\" srcset=\"https:\/\/ruunawere.ee\/wp-content\/uploads\/2025\/06\/metsarada-1024x776-1.png 1024w, https:\/\/ruunawere.ee\/wp-content\/uploads\/2025\/06\/metsarada-1024x776-1-300x227.png 300w, https:\/\/ruunawere.ee\/wp-content\/uploads\/2025\/06\/metsarada-1024x776-1-768x582.png 768w, https:\/\/ruunawere.ee\/wp-content\/uploads\/2025\/06\/metsarada-1024x776-1-705x534.png 705w\" sizes=\"(max-width: 1024px) 100vw, 1024px\" \/><\/div><\/div><\/div><\/div><\/div><!--close column table wrapper. Autoclose: 1 --><\/p>\n","protected":false},"excerpt":{"rendered":"","protected":false},"author":1,"featured_media":0,"parent":0,"menu_order":0,"comment_status":"closed","ping_status":"closed","template":"","meta":{"footnotes":""},"class_list":["post-2346","page","type-page","status-publish","hentry"],"yoast_head":"<!-- This site is optimized with the Yoast SEO plugin v27.4 - https:\/\/yoast.com\/product\/yoast-seo-wordpress\/ -->\n<title>Mets\u00e4n polku - Ruunawere Hotell<\/title>\n<meta name=\"robots\" content=\"index, follow, max-snippet:-1, max-image-preview:large, max-video-preview:-1\" \/>\n<link rel=\"canonical\" href=\"https:\/\/ruunawere.ee\/fi\/metsan-polku\/\" \/>\n<meta property=\"og:locale\" content=\"fi_FI\" \/>\n<meta property=\"og:type\" content=\"article\" \/>\n<meta property=\"og:title\" content=\"Mets\u00e4n polku - Ruunawere Hotell\" \/>\n<meta property=\"og:url\" content=\"https:\/\/ruunawere.ee\/fi\/metsan-polku\/\" \/>\n<meta property=\"og:site_name\" content=\"Ruunawere Hotell\" \/>\n<meta property=\"article:modified_time\" content=\"2025-06-29T07:00:05+00:00\" \/>\n<meta name=\"twitter:card\" content=\"summary_large_image\" \/>\n<meta name=\"twitter:label1\" content=\"Arvioitu lukuaika\" \/>\n\t<meta name=\"twitter:data1\" content=\"11 minuuttia\" \/>\n<script type=\"application\/ld+json\" class=\"yoast-schema-graph\">{\"@context\":\"https:\\\/\\\/schema.org\",\"@graph\":[{\"@type\":\"WebPage\",\"@id\":\"https:\\\/\\\/ruunawere.ee\\\/fi\\\/metsan-polku\\\/\",\"url\":\"https:\\\/\\\/ruunawere.ee\\\/fi\\\/metsan-polku\\\/\",\"name\":\"Mets\u00e4n polku - Ruunawere Hotell\",\"isPartOf\":{\"@id\":\"https:\\\/\\\/ruunawere.ee\\\/#website\"},\"datePublished\":\"2025-06-11T15:58:49+00:00\",\"dateModified\":\"2025-06-29T07:00:05+00:00\",\"breadcrumb\":{\"@id\":\"https:\\\/\\\/ruunawere.ee\\\/fi\\\/metsan-polku\\\/#breadcrumb\"},\"inLanguage\":\"fi\",\"potentialAction\":[{\"@type\":\"ReadAction\",\"target\":[\"https:\\\/\\\/ruunawere.ee\\\/fi\\\/metsan-polku\\\/\"]}]},{\"@type\":\"BreadcrumbList\",\"@id\":\"https:\\\/\\\/ruunawere.ee\\\/fi\\\/metsan-polku\\\/#breadcrumb\",\"itemListElement\":[{\"@type\":\"ListItem\",\"position\":1,\"name\":\"Home\",\"item\":\"https:\\\/\\\/ruunawere.ee\\\/fi\\\/\"},{\"@type\":\"ListItem\",\"position\":2,\"name\":\"Mets\u00e4n polku\"}]},{\"@type\":\"WebSite\",\"@id\":\"https:\\\/\\\/ruunawere.ee\\\/#website\",\"url\":\"https:\\\/\\\/ruunawere.ee\\\/\",\"name\":\"Ruunawere Hotell\",\"description\":\"\",\"potentialAction\":[{\"@type\":\"SearchAction\",\"target\":{\"@type\":\"EntryPoint\",\"urlTemplate\":\"https:\\\/\\\/ruunawere.ee\\\/?s={search_term_string}\"},\"query-input\":{\"@type\":\"PropertyValueSpecification\",\"valueRequired\":true,\"valueName\":\"search_term_string\"}}],\"inLanguage\":\"fi\"}]}<\/script>\n<!-- \/ Yoast SEO plugin. -->","yoast_head_json":{"title":"Mets\u00e4n polku - Ruunawere Hotell","robots":{"index":"index","follow":"follow","max-snippet":"max-snippet:-1","max-image-preview":"max-image-preview:large","max-video-preview":"max-video-preview:-1"},"canonical":"https:\/\/ruunawere.ee\/fi\/metsan-polku\/","og_locale":"fi_FI","og_type":"article","og_title":"Mets\u00e4n polku - Ruunawere Hotell","og_url":"https:\/\/ruunawere.ee\/fi\/metsan-polku\/","og_site_name":"Ruunawere Hotell","article_modified_time":"2025-06-29T07:00:05+00:00","twitter_card":"summary_large_image","twitter_misc":{"Arvioitu lukuaika":"11 minuuttia"},"schema":{"@context":"https:\/\/schema.org","@graph":[{"@type":"WebPage","@id":"https:\/\/ruunawere.ee\/fi\/metsan-polku\/","url":"https:\/\/ruunawere.ee\/fi\/metsan-polku\/","name":"Mets\u00e4n polku - Ruunawere Hotell","isPartOf":{"@id":"https:\/\/ruunawere.ee\/#website"},"datePublished":"2025-06-11T15:58:49+00:00","dateModified":"2025-06-29T07:00:05+00:00","breadcrumb":{"@id":"https:\/\/ruunawere.ee\/fi\/metsan-polku\/#breadcrumb"},"inLanguage":"fi","potentialAction":[{"@type":"ReadAction","target":["https:\/\/ruunawere.ee\/fi\/metsan-polku\/"]}]},{"@type":"BreadcrumbList","@id":"https:\/\/ruunawere.ee\/fi\/metsan-polku\/#breadcrumb","itemListElement":[{"@type":"ListItem","position":1,"name":"Home","item":"https:\/\/ruunawere.ee\/fi\/"},{"@type":"ListItem","position":2,"name":"Mets\u00e4n polku"}]},{"@type":"WebSite","@id":"https:\/\/ruunawere.ee\/#website","url":"https:\/\/ruunawere.ee\/","name":"Ruunawere Hotell","description":"","potentialAction":[{"@type":"SearchAction","target":{"@type":"EntryPoint","urlTemplate":"https:\/\/ruunawere.ee\/?s={search_term_string}"},"query-input":{"@type":"PropertyValueSpecification","valueRequired":true,"valueName":"search_term_string"}}],"inLanguage":"fi"}]}},"_links":{"self":[{"href":"https:\/\/ruunawere.ee\/fi\/wp-json\/wp\/v2\/pages\/2346","targetHints":{"allow":["GET"]}}],"collection":[{"href":"https:\/\/ruunawere.ee\/fi\/wp-json\/wp\/v2\/pages"}],"about":[{"href":"https:\/\/ruunawere.ee\/fi\/wp-json\/wp\/v2\/types\/page"}],"author":[{"embeddable":true,"href":"https:\/\/ruunawere.ee\/fi\/wp-json\/wp\/v2\/users\/1"}],"replies":[{"embeddable":true,"href":"https:\/\/ruunawere.ee\/fi\/wp-json\/wp\/v2\/comments?post=2346"}],"version-history":[{"count":1,"href":"https:\/\/ruunawere.ee\/fi\/wp-json\/wp\/v2\/pages\/2346\/revisions"}],"predecessor-version":[{"id":2347,"href":"https:\/\/ruunawere.ee\/fi\/wp-json\/wp\/v2\/pages\/2346\/revisions\/2347"}],"wp:attachment":[{"href":"https:\/\/ruunawere.ee\/fi\/wp-json\/wp\/v2\/media?parent=2346"}],"curies":[{"name":"wp","href":"https:\/\/api.w.org\/{rel}","templated":true}]}}