{"id":2500,"date":"2025-06-11T16:22:09","date_gmt":"2025-06-11T16:22:09","guid":{"rendered":"https:\/\/ruunawere.ee\/gift-card\/"},"modified":"2025-06-29T09:34:07","modified_gmt":"2025-06-29T09:34:07","slug":"lahjakorti","status":"publish","type":"page","link":"https:\/\/ruunawere.ee\/fi\/lahjakorti\/","title":{"rendered":"Lahjakorti"},"content":{"rendered":"\n<style type=\"text\/css\" data-created_by=\"avia_inline_auto\" id=\"style-css-av-1b22u-0ed7939ac899d2e8c669593a5127f903\">\n.avia-section.av-1b22u-0ed7939ac899d2e8c669593a5127f903 .av-parallax .av-parallax-inner{\nbackground-color:#6b6b6b;\nbackground-image:url(https:\/\/ruunawere.ee\/wp-content\/uploads\/2025\/06\/kinkekaart.jpg);\nbackground-repeat:no-repeat;\nbackground-position:50% 50%;\nbackground-attachment:scroll;\n}\n.avia-section.av-1b22u-0ed7939ac899d2e8c669593a5127f903 .av-section-color-overlay{\nopacity:0.6;\nbackground-color:#0a0a0a;\n}\n.avia-section.av-1b22u-0ed7939ac899d2e8c669593a5127f903 .av-extra-border-element .av-extra-border-inner{\nbackground-color:#6b6b6b;\n}\n<\/style>\n<div id='av_section_1'  class='avia-section av-1b22u-0ed7939ac899d2e8c669593a5127f903 main_color avia-section-default avia-no-shadow  avia-builder-el-0  el_before_av_section  avia-builder-el-first  avia-full-stretch av-parallax-section avia-bg-style-parallax av-section-color-overlay-active av-arrow-down-section container_wrap fullsize'  data-section-bg-repeat='stretch'><div class='av-parallax' data-avia-parallax-ratio='0.3' ><div class='av-parallax-inner main_color avia-full-stretch'><\/div><\/div><div class=\"av-section-color-overlay-wrap\"><div class=\"av-section-color-overlay\"><\/div><div class='container av-section-cont-open' ><main  role=\"main\" itemprop=\"mainContentOfPage\"  class='template-page content  av-content-full alpha units'><div class='post-entry post-entry-type-page post-entry-2500'><div class='entry-content-wrapper clearfix'>\n\n<style type=\"text\/css\" data-created_by=\"avia_inline_auto\" id=\"style-css-av-c3rtu-05f4b4bcd122cb4f898e1b9fbd902756\">\n#top .av-special-heading.av-c3rtu-05f4b4bcd122cb4f898e1b9fbd902756{\npadding-bottom:0;\ncolor:#ffffff;\nfont-size:45px;\n}\nbody .av-special-heading.av-c3rtu-05f4b4bcd122cb4f898e1b9fbd902756 .av-special-heading-tag .heading-char{\nfont-size:25px;\n}\n#top #wrap_all .av-special-heading.av-c3rtu-05f4b4bcd122cb4f898e1b9fbd902756 .av-special-heading-tag{\nfont-size:45px;\n}\n.av-special-heading.av-c3rtu-05f4b4bcd122cb4f898e1b9fbd902756 .special-heading-inner-border{\nborder-color:#ffffff;\n}\n.av-special-heading.av-c3rtu-05f4b4bcd122cb4f898e1b9fbd902756 .av-subheading{\nfont-size:20px;\n}\n\n@media only screen and (min-width: 480px) and (max-width: 767px){ \n#top #wrap_all .av-special-heading.av-c3rtu-05f4b4bcd122cb4f898e1b9fbd902756 .av-special-heading-tag{\nfont-size:0.8em;\n}\n}\n\n@media only screen and (max-width: 479px){ \n#top #wrap_all .av-special-heading.av-c3rtu-05f4b4bcd122cb4f898e1b9fbd902756 .av-special-heading-tag{\nfont-size:0.8em;\n}\n}\n<\/style>\n<div  class='av-special-heading av-c3rtu-05f4b4bcd122cb4f898e1b9fbd902756 av-special-heading-h1 custom-color-heading blockquote modern-quote  avia-builder-el-1  avia-builder-el-no-sibling  av-inherit-size'><h1 class='av-special-heading-tag '  itemprop=\"headline\"  >Lahjakorti<\/h1><div class=\"special-heading-border\"><div class=\"special-heading-inner-border\"><\/div><\/div><\/div>\n\n<\/div><\/div><\/main><!-- close content main element --><\/div><div class='av-extra-border-element border-extra-arrow-down'><div class='av-extra-border-outer'><div class='av-extra-border-inner'><\/div><\/div><\/div><\/div><\/div><div id='av_section_2'  class='avia-section av-bkbr2-800cc2ae8056b35f40193f067a045aca main_color avia-section-default avia-no-shadow  avia-builder-el-2  el_after_av_section  el_before_av_section  avia-bg-style-scroll container_wrap fullsize'  ><div class='container av-section-cont-open' ><div class='template-page content  av-content-full alpha units'><div class='post-entry post-entry-type-page post-entry-2500'><div class='entry-content-wrapper clearfix'>\n<section  class='av_textblock_section av-9t4tu-5ef5e5af9dd68bc1b45ca64b6e1ba1d8 '   itemscope=\"itemscope\" itemtype=\"https:\/\/schema.org\/CreativeWork\" ><div class='avia_textblock'  itemprop=\"text\" ><h3><strong>Ruunawere Postin lahjakortit<\/strong><\/h3>\n<p>Lahjoita el\u00e4myksi\u00e4 ja rentoutumista!<\/p>\n<\/div><\/section>\n\n<\/div><\/div><\/div><!-- close content main div --><\/div><\/div><div id='av_section_3'  class='avia-section av-43y1e-40b533abb2956d621d9ed6e581a38f44 main_color avia-section-default avia-no-shadow  avia-builder-el-4  el_after_av_section  el_before_av_section  avia-bg-style-scroll container_wrap fullsize'  ><div class='container av-section-cont-open' ><div class='template-page content  av-content-full alpha units'><div class='post-entry post-entry-type-page post-entry-2500'><div class='entry-content-wrapper clearfix'>\n<div class='flex_column_table av-y7ffu-c04a4347b4b84296d3005a3533f2261c sc-av_two_fifth av-equal-height-column-flextable'>\n<style type=\"text\/css\" data-created_by=\"avia_inline_auto\" id=\"style-css-av-y7ffu-c04a4347b4b84296d3005a3533f2261c\">\n.flex_column.av-y7ffu-c04a4347b4b84296d3005a3533f2261c{\nwidth:37.6%;\nmargin-left:0;\n}\n#top .flex_column_table.av-equal-height-column-flextable.av-y7ffu-c04a4347b4b84296d3005a3533f2261c .av-flex-placeholder{\nwidth:4%;\n}\n<\/style>\n<div  class='flex_column av-y7ffu-c04a4347b4b84296d3005a3533f2261c av_two_fifth  avia-builder-el-5  el_before_av_three_fifth  avia-builder-el-first  first flex_column_table_cell av-equal-height-column av-align-top  '     ><p>\n<style type=\"text\/css\" data-created_by=\"avia_inline_auto\" id=\"style-css-av-92bga-3740c54e195d6deb158899dda337a913\">\n#top .av-special-heading.av-92bga-3740c54e195d6deb158899dda337a913{\npadding-bottom:10px;\n}\nbody .av-special-heading.av-92bga-3740c54e195d6deb158899dda337a913 .av-special-heading-tag .heading-char{\nfont-size:25px;\n}\n.av-special-heading.av-92bga-3740c54e195d6deb158899dda337a913 .av-subheading{\nfont-size:15px;\n}\n<\/style>\n<div  class='av-special-heading av-92bga-3740c54e195d6deb158899dda337a913 av-special-heading-h3 blockquote modern-quote  avia-builder-el-6  el_before_av_textblock  avia-builder-el-first '><h3 class='av-special-heading-tag '  itemprop=\"headline\"  >Valitse lahjakorttisi:<\/h3><div class=\"special-heading-border\"><div class=\"special-heading-inner-border\"><\/div><\/div><\/div><br \/>\n<section  class='av_textblock_section av-mbrwck2d-fc4782cdb328d1b91130cc86baa5c7ce '   itemscope=\"itemscope\" itemtype=\"https:\/\/schema.org\/CreativeWork\" ><div class='avia_textblock'  itemprop=\"text\" ><p><strong>Lahjakortti, jolla on rahallinen<\/strong>\u00a0arvo Joustava lahjakortti, jonka m\u00e4\u00e4r\u00e4n voit valita. Lahjan saaja voi k\u00e4ytt\u00e4\u00e4 sen mihin tahansa palveluumme \u2013 saunoista majoitukseen ja erikoispaketteihin.<\/p>\n<\/div><\/section><br \/>\n<div  class='avia-button-wrap av-mc1m0o3e-44c84847c2438a19b0f062fb1ef45c24-wrap avia-button-left  avia-builder-el-8  el_after_av_textblock  el_before_av_textblock '><a href='https:\/\/bouk.io\/booking\/ruunawere\/713\/gift-cards?language=fi' class='avia-button av-mc1m0o3e-44c84847c2438a19b0f062fb1ef45c24 av-link-btn avia-icon_select-no avia-size-large avia-position-left avia-color-theme-color' target=\"_blank\" rel=\"noopener noreferrer\" aria-label=\"VALITSE LAHJAKORTTISI\"><span class='avia_iconbox_title' >VALITSE LAHJAKORTTISI<\/span><\/a><\/div><br \/>\n<section  class='av_textblock_section av-mc1m03sa-4ac7c947dc43814926d158cfe6c8989c '   itemscope=\"itemscope\" itemtype=\"https:\/\/schema.org\/CreativeWork\" ><div class='avia_textblock'  itemprop=\"text\" ><p><strong>Lomapaketit<\/strong>\u00a0Lahjoita yksi erikoispaketeistamme! Tutustu paketteihimme ja valitse vastaanottajalle parhaiten sopiva paketti. Lahjakortilla on helppo tarjota unohtumaton loma!<\/p>\n<\/div><\/section><br \/>\n<div  class='avia-button-wrap av-mbs5ol1u-4c9226cf8e6491ee1bc230a3fd7367dd-wrap avia-button-left  avia-builder-el-10  el_after_av_textblock  avia-builder-el-last '><a href='https:\/\/ruunawere.ee\/fi\/lomapaketit\/'  class='avia-button av-mbs5ol1u-4c9226cf8e6491ee1bc230a3fd7367dd av-link-btn avia-icon_select-no avia-size-small avia-position-left avia-color-theme-color'   aria-label=\"TUTUSTU LOMAPAKETTEIHIN\"><span class='avia_iconbox_title' >TUTUSTU LOMAPAKETTEIHIN<\/span><\/a><\/div><\/p><\/div><div class='av-flex-placeholder'><\/div>\n<style type=\"text\/css\" data-created_by=\"avia_inline_auto\" id=\"style-css-av-rgv6q-9d638860a93b4ba84d4293669ab0a349\">\n.flex_column.av-rgv6q-9d638860a93b4ba84d4293669ab0a349{\nwidth:58.4%;\nmargin-left:0;\n}\n#top .flex_column_table.av-equal-height-column-flextable.av-rgv6q-9d638860a93b4ba84d4293669ab0a349 .av-flex-placeholder{\nwidth:4%;\n}\n<\/style>\n<div  class='flex_column av-rgv6q-9d638860a93b4ba84d4293669ab0a349 av_three_fifth  avia-builder-el-11  el_after_av_two_fifth  avia-builder-el-last  flex_column_table_cell av-equal-height-column av-align-top  '     ><style type=\"text\/css\" data-created_by=\"avia_inline_auto\" id=\"style-css-av-mbs5nu0g-f2b90d3cf84ab841d78e05e6d1a53e83\">\n.avia-image-container.av-mbs5nu0g-f2b90d3cf84ab841d78e05e6d1a53e83 img.avia_image{\nbox-shadow:none;\n}\n.avia-image-container.av-mbs5nu0g-f2b90d3cf84ab841d78e05e6d1a53e83 .av-image-caption-overlay-center{\ncolor:#ffffff;\n}\n<\/style>\n<div  class='avia-image-container av-mbs5nu0g-f2b90d3cf84ab841d78e05e6d1a53e83 av-styling- avia-align-center  avia-builder-el-12  avia-builder-el-no-sibling '   itemprop=\"image\" itemscope=\"itemscope\" itemtype=\"https:\/\/schema.org\/ImageObject\" ><div class=\"avia-image-container-inner\"><div class=\"avia-image-overlay-wrap\"><img decoding=\"async\" fetchpriority=\"high\" class='wp-image-2032 avia-img-lazy-loading-not-2032 avia_image ' src=\"https:\/\/ruunawere.ee\/wp-content\/uploads\/2025\/06\/kinkekaart-1.jpg\" alt='' title='kinkekaart'  height=\"667\" width=\"1000\"  itemprop=\"thumbnailUrl\" srcset=\"https:\/\/ruunawere.ee\/wp-content\/uploads\/2025\/06\/kinkekaart-1.jpg 1000w, https:\/\/ruunawere.ee\/wp-content\/uploads\/2025\/06\/kinkekaart-1-300x200.jpg 300w, https:\/\/ruunawere.ee\/wp-content\/uploads\/2025\/06\/kinkekaart-1-768x512.jpg 768w, https:\/\/ruunawere.ee\/wp-content\/uploads\/2025\/06\/kinkekaart-1-705x470.jpg 705w\" sizes=\"(max-width: 1000px) 100vw, 1000px\" \/><\/div><\/div><\/div><\/div><\/div><!--close column table wrapper. Autoclose: 1 --><\/div><\/div><\/div><!-- close content main div --><\/div><\/div><div id='av_section_4'  class='avia-section av-ikm3s-e3f8c099006867670d0ff9dd8ccbf62f main_color avia-section-default avia-no-shadow  avia-builder-el-13  el_after_av_section  el_before_av_section  avia-bg-style-scroll container_wrap fullsize'  ><div class='container av-section-cont-open' ><div class='template-page content  av-content-full alpha units'><div class='post-entry post-entry-type-page post-entry-2500'><div class='entry-content-wrapper clearfix'>\n<div class='flex_column_table av-1m60w-0c4cf8f82779affa9a6e2976ad966460 sc-av_two_fifth av-equal-height-column-flextable'>\n<style type=\"text\/css\" data-created_by=\"avia_inline_auto\" id=\"style-css-av-1m60w-0c4cf8f82779affa9a6e2976ad966460\">\n.flex_column.av-1m60w-0c4cf8f82779affa9a6e2976ad966460{\nwidth:37.6%;\nmargin-left:0;\n}\n#top .flex_column_table.av-equal-height-column-flextable.av-1m60w-0c4cf8f82779affa9a6e2976ad966460 .av-flex-placeholder{\nwidth:4%;\n}\n<\/style>\n<div  class='flex_column av-1m60w-0c4cf8f82779affa9a6e2976ad966460 av_two_fifth  avia-builder-el-14  el_before_av_three_fifth  avia-builder-el-first  first flex_column_table_cell av-equal-height-column av-align-top  '     ><p>\n<style type=\"text\/css\" data-created_by=\"avia_inline_auto\" id=\"style-css-av-mbs5cczg-df58bb6160e433996ac242f14af71817\">\n#top .av-special-heading.av-mbs5cczg-df58bb6160e433996ac242f14af71817{\npadding-bottom:10px;\n}\nbody .av-special-heading.av-mbs5cczg-df58bb6160e433996ac242f14af71817 .av-special-heading-tag .heading-char{\nfont-size:25px;\n}\n.av-special-heading.av-mbs5cczg-df58bb6160e433996ac242f14af71817 .av-subheading{\nfont-size:15px;\n}\n<\/style>\n<div  class='av-special-heading av-mbs5cczg-df58bb6160e433996ac242f14af71817 av-special-heading-h3 blockquote modern-quote  avia-builder-el-15  el_before_av_textblock  avia-builder-el-first '><h3 class='av-special-heading-tag '  itemprop=\"headline\"  >Anna lahja muistoja, jotka s\u00e4ilyv\u00e4t!<\/h3><div class=\"special-heading-border\"><div class=\"special-heading-inner-border\"><\/div><\/div><\/div><br \/>\n<section  class='av_textblock_section av-mbs5cigg-3223a3c36cfbe078364118307048b0d6 '   itemscope=\"itemscope\" itemtype=\"https:\/\/schema.org\/CreativeWork\" ><div class='avia_textblock'  itemprop=\"text\" ><p>Ruunawere-lahjakortti on enemm\u00e4n kuin pelkk\u00e4 lahja \u2013 se on kutsu nauttia rauhasta, historiasta ja luonnon kauneudesta.<\/p>\n<\/div><\/section><\/p><\/div><div class='av-flex-placeholder'><\/div>\n<style type=\"text\/css\" data-created_by=\"avia_inline_auto\" id=\"style-css-av-97sc0-2b40e0d1477eb3706de50f950e484756\">\n.flex_column.av-97sc0-2b40e0d1477eb3706de50f950e484756{\nwidth:58.4%;\nmargin-left:0;\n}\n#top .flex_column_table.av-equal-height-column-flextable.av-97sc0-2b40e0d1477eb3706de50f950e484756 .av-flex-placeholder{\nwidth:4%;\n}\n<\/style>\n<div  class='flex_column av-97sc0-2b40e0d1477eb3706de50f950e484756 av_three_fifth  avia-builder-el-17  el_after_av_two_fifth  avia-builder-el-last  flex_column_table_cell av-equal-height-column av-align-top  '     ><style type=\"text\/css\" data-created_by=\"avia_inline_auto\" id=\"style-css-av-mbs5dfzs-63747b6dbe31730bf039a32d99e4c305\">\n#top .avia-gallery.av-mbs5dfzs-63747b6dbe31730bf039a32d99e4c305 .avia-gallery-thumb a{\nwidth:33.3333%;\n}\n<\/style>\n<div  class='avia-gallery av-mbs5dfzs-63747b6dbe31730bf039a32d99e4c305 avia_animate_when_visible  avia-builder-el-18  avia-builder-el-no-sibling  animations_off avia-gallery-1'  itemprop=\"image\" itemscope=\"itemscope\" itemtype=\"https:\/\/schema.org\/ImageObject\" ><meta itemprop=\"contentURL\" content=\"https:\/\/ruunawere.ee\/fi\/lahjakorti\/\"><div class='avia-gallery-thumb'><a href=\"https:\/\/ruunawere.ee\/wp-content\/uploads\/2025\/06\/B6B1DD51-8865-446C-B2DB-30083E90BBC6-768x1024-1.jpeg\" data-srcset=\"https:\/\/ruunawere.ee\/wp-content\/uploads\/2025\/06\/B6B1DD51-8865-446C-B2DB-30083E90BBC6-768x1024-1.jpeg 768w, https:\/\/ruunawere.ee\/wp-content\/uploads\/2025\/06\/B6B1DD51-8865-446C-B2DB-30083E90BBC6-768x1024-1-225x300.jpeg 225w, https:\/\/ruunawere.ee\/wp-content\/uploads\/2025\/06\/B6B1DD51-8865-446C-B2DB-30083E90BBC6-768x1024-1-529x705.jpeg 529w\" data-sizes=\"(max-width: 768px) 100vw, 768px\" data-rel='gallery-1' data-prev-img='https:\/\/ruunawere.ee\/wp-content\/uploads\/2025\/06\/B6B1DD51-8865-446C-B2DB-30083E90BBC6-768x1024-1-495x400.jpeg' class='first_thumb lightbox ' data-onclick='1' title=''  itemprop=\"thumbnailUrl\"  ><img decoding=\"async\" fetchpriority=\"high\" class=\"wp-image-2035 avia-img-lazy-loading-not-2035\"   src=\"https:\/\/ruunawere.ee\/wp-content\/uploads\/2025\/06\/B6B1DD51-8865-446C-B2DB-30083E90BBC6-768x1024-1-495x400.jpeg\" width=\"495\" height=\"400\"  title='B6B1DD51-8865-446C-B2DB-30083E90BBC6-768x1024' alt='' \/><div class='big-prev-fake'><img decoding=\"async\" loading=\"lazy\" class=\"wp-image-2035 avia-img-lazy-loading-2035\"  width=\"495\" height=\"400\" src=\"https:\/\/ruunawere.ee\/wp-content\/uploads\/2025\/06\/B6B1DD51-8865-446C-B2DB-30083E90BBC6-768x1024-1-495x400.jpeg\" title='B6B1DD51-8865-446C-B2DB-30083E90BBC6-768x1024' alt='' \/><\/div><\/a><a href=\"https:\/\/ruunawere.ee\/wp-content\/uploads\/2025\/06\/k1-1024x682-1.jpg\" data-srcset=\"https:\/\/ruunawere.ee\/wp-content\/uploads\/2025\/06\/k1-1024x682-1.jpg 1024w, https:\/\/ruunawere.ee\/wp-content\/uploads\/2025\/06\/k1-1024x682-1-300x200.jpg 300w, https:\/\/ruunawere.ee\/wp-content\/uploads\/2025\/06\/k1-1024x682-1-768x512.jpg 768w, https:\/\/ruunawere.ee\/wp-content\/uploads\/2025\/06\/k1-1024x682-1-705x470.jpg 705w\" data-sizes=\"(max-width: 1024px) 100vw, 1024px\" data-rel='gallery-1' data-prev-img='https:\/\/ruunawere.ee\/wp-content\/uploads\/2025\/06\/k1-1024x682-1-495x400.jpg' class='lightbox ' data-onclick='2' title=''  itemprop=\"thumbnailUrl\"  ><img decoding=\"async\" fetchpriority=\"high\" class=\"wp-image-2038 avia-img-lazy-loading-not-2038\"   src=\"https:\/\/ruunawere.ee\/wp-content\/uploads\/2025\/06\/k1-1024x682-1-495x400.jpg\" width=\"495\" height=\"400\"  title='k1-1024x682' alt='' srcset=\"https:\/\/ruunawere.ee\/wp-content\/uploads\/2025\/06\/k1-1024x682-1-495x400.jpg 495w, https:\/\/ruunawere.ee\/wp-content\/uploads\/2025\/06\/k1-1024x682-1-845x682.jpg 845w\" sizes=\"(max-width: 495px) 100vw, 495px\" \/><div class='big-prev-fake'><img decoding=\"async\" loading=\"lazy\" class=\"wp-image-2038 avia-img-lazy-loading-2038\"  width=\"495\" height=\"400\" src=\"https:\/\/ruunawere.ee\/wp-content\/uploads\/2025\/06\/k1-1024x682-1-495x400.jpg\" title='k1-1024x682' alt='' srcset=\"https:\/\/ruunawere.ee\/wp-content\/uploads\/2025\/06\/k1-1024x682-1-495x400.jpg 495w, https:\/\/ruunawere.ee\/wp-content\/uploads\/2025\/06\/k1-1024x682-1-845x682.jpg 845w\" sizes=\"auto, (max-width: 495px) 100vw, 495px\" \/><\/div><\/a><a href=\"https:\/\/ruunawere.ee\/wp-content\/uploads\/2025\/06\/Raplamaa-Ruunawere-Postimoisa-hotell_Priidu-Saart14-1024x683-2.jpg\" data-srcset=\"https:\/\/ruunawere.ee\/wp-content\/uploads\/2025\/06\/Raplamaa-Ruunawere-Postimoisa-hotell_Priidu-Saart14-1024x683-2.jpg 1024w, https:\/\/ruunawere.ee\/wp-content\/uploads\/2025\/06\/Raplamaa-Ruunawere-Postimoisa-hotell_Priidu-Saart14-1024x683-2-300x200.jpg 300w, https:\/\/ruunawere.ee\/wp-content\/uploads\/2025\/06\/Raplamaa-Ruunawere-Postimoisa-hotell_Priidu-Saart14-1024x683-2-768x512.jpg 768w, https:\/\/ruunawere.ee\/wp-content\/uploads\/2025\/06\/Raplamaa-Ruunawere-Postimoisa-hotell_Priidu-Saart14-1024x683-2-705x470.jpg 705w\" data-sizes=\"(max-width: 1024px) 100vw, 1024px\" data-rel='gallery-1' data-prev-img='https:\/\/ruunawere.ee\/wp-content\/uploads\/2025\/06\/Raplamaa-Ruunawere-Postimoisa-hotell_Priidu-Saart14-1024x683-2-495x400.jpg' class='lightbox ' data-onclick='3' title=''  itemprop=\"thumbnailUrl\"  ><img decoding=\"async\" fetchpriority=\"high\" class=\"wp-image-2041 avia-img-lazy-loading-not-2041\"   src=\"https:\/\/ruunawere.ee\/wp-content\/uploads\/2025\/06\/Raplamaa-Ruunawere-Postimoisa-hotell_Priidu-Saart14-1024x683-2-495x400.jpg\" width=\"495\" height=\"400\"  title='Raplamaa-Ruunawere-Postimoisa-hotell_Priidu-Saart14-1024x683' alt='' srcset=\"https:\/\/ruunawere.ee\/wp-content\/uploads\/2025\/06\/Raplamaa-Ruunawere-Postimoisa-hotell_Priidu-Saart14-1024x683-2-495x400.jpg 495w, https:\/\/ruunawere.ee\/wp-content\/uploads\/2025\/06\/Raplamaa-Ruunawere-Postimoisa-hotell_Priidu-Saart14-1024x683-2-845x683.jpg 845w\" sizes=\"(max-width: 495px) 100vw, 495px\" \/><div class='big-prev-fake'><img decoding=\"async\" loading=\"lazy\" class=\"wp-image-2041 avia-img-lazy-loading-2041\"  width=\"495\" height=\"400\" src=\"https:\/\/ruunawere.ee\/wp-content\/uploads\/2025\/06\/Raplamaa-Ruunawere-Postimoisa-hotell_Priidu-Saart14-1024x683-2-495x400.jpg\" title='Raplamaa-Ruunawere-Postimoisa-hotell_Priidu-Saart14-1024x683' alt='' srcset=\"https:\/\/ruunawere.ee\/wp-content\/uploads\/2025\/06\/Raplamaa-Ruunawere-Postimoisa-hotell_Priidu-Saart14-1024x683-2-495x400.jpg 495w, https:\/\/ruunawere.ee\/wp-content\/uploads\/2025\/06\/Raplamaa-Ruunawere-Postimoisa-hotell_Priidu-Saart14-1024x683-2-845x683.jpg 845w\" sizes=\"auto, (max-width: 495px) 100vw, 495px\" \/><\/div><\/a><\/div><\/div><\/div><\/div><!--close column table wrapper. Autoclose: 1 --><\/div><\/div><\/div><!-- close content main div --><\/div><\/div><div id='av_section_5'  class='avia-section av-j8aqr-b4988b3ec42615f1cac39598cbc6d3e3 main_color avia-section-default avia-no-shadow  avia-builder-el-19  el_after_av_section  avia-builder-el-last  avia-bg-style-scroll container_wrap fullsize'  ><div class='container av-section-cont-open' ><div class='template-page content  av-content-full alpha units'><div class='post-entry post-entry-type-page post-entry-2500'><div class='entry-content-wrapper clearfix'>\n\n<style type=\"text\/css\" data-created_by=\"avia_inline_auto\" id=\"style-css-av-mbs5q7xg-12d43f9630d8da7107b8f06295017b31\">\n#top .av-special-heading.av-mbs5q7xg-12d43f9630d8da7107b8f06295017b31{\npadding-bottom:10px;\n}\nbody .av-special-heading.av-mbs5q7xg-12d43f9630d8da7107b8f06295017b31 .av-special-heading-tag .heading-char{\nfont-size:25px;\n}\n.av-special-heading.av-mbs5q7xg-12d43f9630d8da7107b8f06295017b31 .av-subheading{\nfont-size:15px;\n}\n<\/style>\n<div  class='av-special-heading av-mbs5q7xg-12d43f9630d8da7107b8f06295017b31 av-special-heading-h3 blockquote modern-quote modern-centered  avia-builder-el-20  el_before_av_one_full  avia-builder-el-first '><h3 class='av-special-heading-tag '  itemprop=\"headline\"  >Ota yhteytt\u00e4 ostaaksesi lahjakortin<\/h3><div class=\"special-heading-border\"><div class=\"special-heading-inner-border\"><\/div><\/div><\/div>\n<div class='flex_column_table av-4v23-3e85f14164291179453abc859cf81842 sc-av_one_full av-equal-height-column-flextable'>\n<style type=\"text\/css\" data-created_by=\"avia_inline_auto\" id=\"style-css-av-4v23-3e85f14164291179453abc859cf81842\">\n.flex_column.av-4v23-3e85f14164291179453abc859cf81842{\nwidth:100%;\nmargin-left:0;\n}\n#top .flex_column_table.av-equal-height-column-flextable.av-4v23-3e85f14164291179453abc859cf81842 .av-flex-placeholder{\nwidth:0%;\n}\n<\/style>\n<div  class='flex_column av-4v23-3e85f14164291179453abc859cf81842 av_one_full  avia-builder-el-21  el_after_av_heading  avia-builder-el-last  first flex_column_table_cell av-equal-height-column av-align-top  '     ><\/div><\/div><!--close column table wrapper. Autoclose: 1 --><\/p>\n","protected":false},"excerpt":{"rendered":"","protected":false},"author":1,"featured_media":0,"parent":0,"menu_order":0,"comment_status":"closed","ping_status":"closed","template":"","meta":{"footnotes":""},"class_list":["post-2500","page","type-page","status-publish","hentry"],"yoast_head":"<!-- This site is optimized with the Yoast SEO plugin v27.3 - https:\/\/yoast.com\/product\/yoast-seo-wordpress\/ -->\n<title>Lahjakorti - Ruunawere Hotell<\/title>\n<meta name=\"robots\" content=\"index, follow, max-snippet:-1, max-image-preview:large, max-video-preview:-1\" \/>\n<link rel=\"canonical\" href=\"https:\/\/ruunawere.ee\/fi\/lahjakorti\/\" \/>\n<meta property=\"og:locale\" content=\"fi_FI\" \/>\n<meta property=\"og:type\" content=\"article\" \/>\n<meta property=\"og:title\" content=\"Lahjakorti - Ruunawere Hotell\" \/>\n<meta property=\"og:url\" content=\"https:\/\/ruunawere.ee\/fi\/lahjakorti\/\" \/>\n<meta property=\"og:site_name\" content=\"Ruunawere Hotell\" \/>\n<meta property=\"article:modified_time\" content=\"2025-06-29T09:34:07+00:00\" \/>\n<meta name=\"twitter:card\" content=\"summary_large_image\" \/>\n<meta name=\"twitter:label1\" content=\"Arvioitu lukuaika\" \/>\n\t<meta name=\"twitter:data1\" content=\"26 minuuttia\" \/>\n<script type=\"application\/ld+json\" class=\"yoast-schema-graph\">{\"@context\":\"https:\\\/\\\/schema.org\",\"@graph\":[{\"@type\":\"WebPage\",\"@id\":\"https:\\\/\\\/ruunawere.ee\\\/fi\\\/lahjakorti\\\/\",\"url\":\"https:\\\/\\\/ruunawere.ee\\\/fi\\\/lahjakorti\\\/\",\"name\":\"Lahjakorti - Ruunawere Hotell\",\"isPartOf\":{\"@id\":\"https:\\\/\\\/ruunawere.ee\\\/#website\"},\"datePublished\":\"2025-06-11T16:22:09+00:00\",\"dateModified\":\"2025-06-29T09:34:07+00:00\",\"breadcrumb\":{\"@id\":\"https:\\\/\\\/ruunawere.ee\\\/fi\\\/lahjakorti\\\/#breadcrumb\"},\"inLanguage\":\"fi\",\"potentialAction\":[{\"@type\":\"ReadAction\",\"target\":[\"https:\\\/\\\/ruunawere.ee\\\/fi\\\/lahjakorti\\\/\"]}]},{\"@type\":\"BreadcrumbList\",\"@id\":\"https:\\\/\\\/ruunawere.ee\\\/fi\\\/lahjakorti\\\/#breadcrumb\",\"itemListElement\":[{\"@type\":\"ListItem\",\"position\":1,\"name\":\"Home\",\"item\":\"https:\\\/\\\/ruunawere.ee\\\/fi\\\/\"},{\"@type\":\"ListItem\",\"position\":2,\"name\":\"Lahjakorti\"}]},{\"@type\":\"WebSite\",\"@id\":\"https:\\\/\\\/ruunawere.ee\\\/#website\",\"url\":\"https:\\\/\\\/ruunawere.ee\\\/\",\"name\":\"Ruunawere Hotell\",\"description\":\"\",\"potentialAction\":[{\"@type\":\"SearchAction\",\"target\":{\"@type\":\"EntryPoint\",\"urlTemplate\":\"https:\\\/\\\/ruunawere.ee\\\/?s={search_term_string}\"},\"query-input\":{\"@type\":\"PropertyValueSpecification\",\"valueRequired\":true,\"valueName\":\"search_term_string\"}}],\"inLanguage\":\"fi\"}]}<\/script>\n<!-- \/ Yoast SEO plugin. -->","yoast_head_json":{"title":"Lahjakorti - Ruunawere Hotell","robots":{"index":"index","follow":"follow","max-snippet":"max-snippet:-1","max-image-preview":"max-image-preview:large","max-video-preview":"max-video-preview:-1"},"canonical":"https:\/\/ruunawere.ee\/fi\/lahjakorti\/","og_locale":"fi_FI","og_type":"article","og_title":"Lahjakorti - Ruunawere Hotell","og_url":"https:\/\/ruunawere.ee\/fi\/lahjakorti\/","og_site_name":"Ruunawere Hotell","article_modified_time":"2025-06-29T09:34:07+00:00","twitter_card":"summary_large_image","twitter_misc":{"Arvioitu lukuaika":"26 minuuttia"},"schema":{"@context":"https:\/\/schema.org","@graph":[{"@type":"WebPage","@id":"https:\/\/ruunawere.ee\/fi\/lahjakorti\/","url":"https:\/\/ruunawere.ee\/fi\/lahjakorti\/","name":"Lahjakorti - Ruunawere Hotell","isPartOf":{"@id":"https:\/\/ruunawere.ee\/#website"},"datePublished":"2025-06-11T16:22:09+00:00","dateModified":"2025-06-29T09:34:07+00:00","breadcrumb":{"@id":"https:\/\/ruunawere.ee\/fi\/lahjakorti\/#breadcrumb"},"inLanguage":"fi","potentialAction":[{"@type":"ReadAction","target":["https:\/\/ruunawere.ee\/fi\/lahjakorti\/"]}]},{"@type":"BreadcrumbList","@id":"https:\/\/ruunawere.ee\/fi\/lahjakorti\/#breadcrumb","itemListElement":[{"@type":"ListItem","position":1,"name":"Home","item":"https:\/\/ruunawere.ee\/fi\/"},{"@type":"ListItem","position":2,"name":"Lahjakorti"}]},{"@type":"WebSite","@id":"https:\/\/ruunawere.ee\/#website","url":"https:\/\/ruunawere.ee\/","name":"Ruunawere Hotell","description":"","potentialAction":[{"@type":"SearchAction","target":{"@type":"EntryPoint","urlTemplate":"https:\/\/ruunawere.ee\/?s={search_term_string}"},"query-input":{"@type":"PropertyValueSpecification","valueRequired":true,"valueName":"search_term_string"}}],"inLanguage":"fi"}]}},"_links":{"self":[{"href":"https:\/\/ruunawere.ee\/fi\/wp-json\/wp\/v2\/pages\/2500","targetHints":{"allow":["GET"]}}],"collection":[{"href":"https:\/\/ruunawere.ee\/fi\/wp-json\/wp\/v2\/pages"}],"about":[{"href":"https:\/\/ruunawere.ee\/fi\/wp-json\/wp\/v2\/types\/page"}],"author":[{"embeddable":true,"href":"https:\/\/ruunawere.ee\/fi\/wp-json\/wp\/v2\/users\/1"}],"replies":[{"embeddable":true,"href":"https:\/\/ruunawere.ee\/fi\/wp-json\/wp\/v2\/comments?post=2500"}],"version-history":[{"count":3,"href":"https:\/\/ruunawere.ee\/fi\/wp-json\/wp\/v2\/pages\/2500\/revisions"}],"predecessor-version":[{"id":2503,"href":"https:\/\/ruunawere.ee\/fi\/wp-json\/wp\/v2\/pages\/2500\/revisions\/2503"}],"wp:attachment":[{"href":"https:\/\/ruunawere.ee\/fi\/wp-json\/wp\/v2\/media?parent=2500"}],"curies":[{"name":"wp","href":"https:\/\/api.w.org\/{rel}","templated":true}]}}