{"id":2587,"date":"2025-06-29T11:21:11","date_gmt":"2025-06-29T11:21:11","guid":{"rendered":"https:\/\/ruunawere.ee\/?page_id=2587"},"modified":"2025-06-29T11:23:08","modified_gmt":"2025-06-29T11:23:08","slug":"ottaa-yhteytta","status":"publish","type":"page","link":"https:\/\/ruunawere.ee\/fi\/ottaa-yhteytta\/","title":{"rendered":"Yhteystiedot"},"content":{"rendered":"\n<style type=\"text\/css\" data-created_by=\"avia_inline_auto\" id=\"style-css-av-1b22u-68bbe0a3e54c58618646701fbb707c4c\">\n.avia-section.av-1b22u-68bbe0a3e54c58618646701fbb707c4c{\nbackground-color:#6b6b6b;\nbackground-image:url(https:\/\/ruunawere.ee\/wp-content\/uploads\/2025\/06\/DSC9163-1024x682-1-1024x430.jpg);\nbackground-repeat:no-repeat;\nbackground-position:50% 50%;\nbackground-attachment:scroll;\n}\n.avia-section.av-1b22u-68bbe0a3e54c58618646701fbb707c4c .av-section-color-overlay{\nopacity:0.6;\nbackground-color:#0a0a0a;\n}\n.avia-section.av-1b22u-68bbe0a3e54c58618646701fbb707c4c .av-extra-border-element .av-extra-border-inner{\nbackground-color:#6b6b6b;\n}\n<\/style>\n<div id='av_section_1'  class='avia-section av-1b22u-68bbe0a3e54c58618646701fbb707c4c main_color avia-section-default avia-no-shadow  avia-builder-el-0  el_before_av_section  avia-builder-el-first  avia-full-stretch avia-bg-style-scroll av-section-color-overlay-active av-arrow-down-section container_wrap fullsize'  data-section-bg-repeat='stretch'><div class=\"av-section-color-overlay-wrap\"><div class=\"av-section-color-overlay\"><\/div><div class='container av-section-cont-open' ><main  role=\"main\" itemprop=\"mainContentOfPage\"  class='template-page content  av-content-full alpha units'><div class='post-entry post-entry-type-page post-entry-2587'><div class='entry-content-wrapper clearfix'>\n\n<style type=\"text\/css\" data-created_by=\"avia_inline_auto\" id=\"style-css-av-c3rtu-226cd4baf4c1bf10bbf72fefce680dbe\">\n#top .av-special-heading.av-c3rtu-226cd4baf4c1bf10bbf72fefce680dbe{\npadding-bottom:0;\ncolor:#ffffff;\nfont-size:45px;\n}\nbody .av-special-heading.av-c3rtu-226cd4baf4c1bf10bbf72fefce680dbe .av-special-heading-tag .heading-char{\nfont-size:25px;\n}\n#top #wrap_all .av-special-heading.av-c3rtu-226cd4baf4c1bf10bbf72fefce680dbe .av-special-heading-tag{\nfont-size:45px;\n}\n.av-special-heading.av-c3rtu-226cd4baf4c1bf10bbf72fefce680dbe .special-heading-inner-border{\nborder-color:#ffffff;\n}\n.av-special-heading.av-c3rtu-226cd4baf4c1bf10bbf72fefce680dbe .av-subheading{\nfont-size:20px;\n}\n\n@media only screen and (min-width: 480px) and (max-width: 767px){ \n#top #wrap_all .av-special-heading.av-c3rtu-226cd4baf4c1bf10bbf72fefce680dbe .av-special-heading-tag{\nfont-size:0.8em;\n}\n}\n\n@media only screen and (max-width: 479px){ \n#top #wrap_all .av-special-heading.av-c3rtu-226cd4baf4c1bf10bbf72fefce680dbe .av-special-heading-tag{\nfont-size:0.8em;\n}\n}\n<\/style>\n<div  class='av-special-heading av-c3rtu-226cd4baf4c1bf10bbf72fefce680dbe av-special-heading-h1 custom-color-heading blockquote modern-quote  avia-builder-el-1  avia-builder-el-no-sibling  av-inherit-size'><h1 class='av-special-heading-tag '  itemprop=\"headline\"  >Ottaa yhteytt\u00e4<\/h1><div class=\"special-heading-border\"><div class=\"special-heading-inner-border\"><\/div><\/div><\/div>\n\n<\/div><\/div><\/main><!-- close content main element --><\/div><div class='av-extra-border-element border-extra-arrow-down'><div class='av-extra-border-outer'><div class='av-extra-border-inner'><\/div><\/div><\/div><\/div><\/div><div id='av_section_2'  class='avia-section av-43y1e-40b533abb2956d621d9ed6e581a38f44 main_color avia-section-default avia-no-shadow  avia-builder-el-2  el_after_av_section  avia-builder-el-last  avia-bg-style-scroll container_wrap fullsize'  ><div class='container av-section-cont-open' ><div class='template-page content  av-content-full alpha units'><div class='post-entry post-entry-type-page post-entry-2587'><div class='entry-content-wrapper clearfix'>\n<div class='flex_column_table av-y7ffu-c04a4347b4b84296d3005a3533f2261c sc-av_one_half av-equal-height-column-flextable'>\n<style type=\"text\/css\" data-created_by=\"avia_inline_auto\" id=\"style-css-av-y7ffu-c04a4347b4b84296d3005a3533f2261c\">\n.flex_column.av-y7ffu-c04a4347b4b84296d3005a3533f2261c{\nwidth:48%;\nmargin-left:0;\n}\n#top .flex_column_table.av-equal-height-column-flextable.av-y7ffu-c04a4347b4b84296d3005a3533f2261c .av-flex-placeholder{\nwidth:4%;\n}\n<\/style>\n<div  class='flex_column av-y7ffu-c04a4347b4b84296d3005a3533f2261c av_one_half  avia-builder-el-3  el_before_av_one_half  avia-builder-el-first  first flex_column_table_cell av-equal-height-column av-align-top  '     ><p><section  class='av_textblock_section av-mbrwck2d-fc4782cdb328d1b91130cc86baa5c7ce '   itemscope=\"itemscope\" itemtype=\"https:\/\/schema.org\/CreativeWork\" ><div class='avia_textblock'  itemprop=\"text\" ><p>Ruunavere, Pajakan kyl\u00e4, Ruunavere, 78248 Raplan maakunta<br \/>\n<a href=\"tel:+3725051923\">+372 505 1923<\/a><br \/>\n<a href=\"mailto:info@ruunawere.ee\">info@ruunawere.ee<\/a><\/p>\n<p>Seuraa meit\u00e4 <a href=\"https:\/\/www.facebook.com\/ruunawere\/\" target=\"_blank\" rel=\"noopener\">Facebookissa<\/a>, <a href=\"https:\/\/www.instagram.com\/ruunawerehotell\" target=\"_blank\" rel=\"noopener\">Instagramissa<\/a> ja\u00a0<a href=\"https:\/\/www.youtube.com\/channel\/UCjH5SDRh1s3_xumrUsvACAw\/videos\" target=\"_blank\" rel=\"noopener\">Youtubessa<\/a><\/p>\n<\/div><\/section><br \/>\n<section  class='av_textblock_section av-mchksmvf-e6b81fe266c4d08c6f234bb595ada854 '   itemscope=\"itemscope\" itemtype=\"https:\/\/schema.org\/CreativeWork\" ><div class='avia_textblock'  itemprop=\"text\" ><h3>Sijainti<\/h3>\n<p>Viihtyis\u00e4 Ruunawere Postim\u00f5is Hotelli sijaitsee historiallisella ja kauniilla paikalla, 47 km Tallinnasta P\u00e4rnun suuntaan, 500 m Tallinna-P\u00e4rnu moottoritielt\u00e4. Noin 5 km ennen Ruunawerett\u00e4 ohjataan opastetuilla opasteilla.<\/p>\n<h3>Yritystiedot<\/h3>\n<p>Ruunawere Hotell O\u00dc<br \/>\nRekisterikoodi: 10403348<br \/>\nPankki: Swedbank<br \/>\nIBAN: EE052200221053425233<br \/>\nBIC: HABAEE2X<\/p>\n<h3>Kuljetus<\/h3>\n<p>Ruunawere Hotel tarjoaa vierailleen k\u00e4tev\u00e4n bussikuljetuksen lis\u00e4maksusta. Isuzu-bussissa on 29 paikkaa ja MB Sprinteriss\u00e4 19 paikkaa. Molemmissa busseissa on automaattinen ilmastointi. Per\u00e4vaunua voidaan k\u00e4ytt\u00e4\u00e4 isommille matkatavaroille.<\/p>\n<p>Kuljetuksen tilaamiseen tulee varata aika etuk\u00e4teen.<\/p>\n<\/div><\/section><\/p><\/div><div class='av-flex-placeholder'><\/div>\n<style type=\"text\/css\" data-created_by=\"avia_inline_auto\" id=\"style-css-av-rgv6q-9d638860a93b4ba84d4293669ab0a349\">\n.flex_column.av-rgv6q-9d638860a93b4ba84d4293669ab0a349{\nwidth:48%;\nmargin-left:0;\n}\n#top .flex_column_table.av-equal-height-column-flextable.av-rgv6q-9d638860a93b4ba84d4293669ab0a349 .av-flex-placeholder{\nwidth:4%;\n}\n<\/style>\n<div  class='flex_column av-rgv6q-9d638860a93b4ba84d4293669ab0a349 av_one_half  avia-builder-el-6  el_after_av_one_half  avia-builder-el-last  flex_column_table_cell av-equal-height-column av-align-top  '     ><\/div><\/div><!--close column table wrapper. Autoclose: 1 -->\n","protected":false},"excerpt":{"rendered":"","protected":false},"author":1,"featured_media":0,"parent":0,"menu_order":0,"comment_status":"closed","ping_status":"closed","template":"","meta":{"footnotes":""},"class_list":["post-2587","page","type-page","status-publish","hentry"],"yoast_head":"<!-- This site is optimized with the Yoast SEO plugin v27.4 - https:\/\/yoast.com\/product\/yoast-seo-wordpress\/ -->\n<title>Yhteystiedot - Ruunawere Hotell<\/title>\n<meta name=\"robots\" content=\"index, follow, max-snippet:-1, max-image-preview:large, max-video-preview:-1\" \/>\n<link rel=\"canonical\" href=\"https:\/\/ruunawere.ee\/fi\/ottaa-yhteytta\/\" \/>\n<meta property=\"og:locale\" content=\"fi_FI\" \/>\n<meta property=\"og:type\" content=\"article\" \/>\n<meta property=\"og:title\" content=\"Yhteystiedot - Ruunawere Hotell\" \/>\n<meta property=\"og:url\" content=\"https:\/\/ruunawere.ee\/fi\/ottaa-yhteytta\/\" \/>\n<meta property=\"og:site_name\" content=\"Ruunawere Hotell\" \/>\n<meta property=\"article:modified_time\" content=\"2025-06-29T11:23:08+00:00\" \/>\n<meta name=\"twitter:card\" content=\"summary_large_image\" \/>\n<meta name=\"twitter:label1\" content=\"Arvioitu lukuaika\" \/>\n\t<meta name=\"twitter:data1\" content=\"9 minuuttia\" \/>\n<script type=\"application\/ld+json\" class=\"yoast-schema-graph\">{\"@context\":\"https:\\\/\\\/schema.org\",\"@graph\":[{\"@type\":\"WebPage\",\"@id\":\"https:\\\/\\\/ruunawere.ee\\\/fi\\\/ottaa-yhteytta\\\/\",\"url\":\"https:\\\/\\\/ruunawere.ee\\\/fi\\\/ottaa-yhteytta\\\/\",\"name\":\"Yhteystiedot - Ruunawere Hotell\",\"isPartOf\":{\"@id\":\"https:\\\/\\\/ruunawere.ee\\\/#website\"},\"datePublished\":\"2025-06-29T11:21:11+00:00\",\"dateModified\":\"2025-06-29T11:23:08+00:00\",\"breadcrumb\":{\"@id\":\"https:\\\/\\\/ruunawere.ee\\\/fi\\\/ottaa-yhteytta\\\/#breadcrumb\"},\"inLanguage\":\"fi\",\"potentialAction\":[{\"@type\":\"ReadAction\",\"target\":[\"https:\\\/\\\/ruunawere.ee\\\/fi\\\/ottaa-yhteytta\\\/\"]}]},{\"@type\":\"BreadcrumbList\",\"@id\":\"https:\\\/\\\/ruunawere.ee\\\/fi\\\/ottaa-yhteytta\\\/#breadcrumb\",\"itemListElement\":[{\"@type\":\"ListItem\",\"position\":1,\"name\":\"Home\",\"item\":\"https:\\\/\\\/ruunawere.ee\\\/fi\\\/\"},{\"@type\":\"ListItem\",\"position\":2,\"name\":\"Yhteystiedot\"}]},{\"@type\":\"WebSite\",\"@id\":\"https:\\\/\\\/ruunawere.ee\\\/#website\",\"url\":\"https:\\\/\\\/ruunawere.ee\\\/\",\"name\":\"Ruunawere Hotell\",\"description\":\"\",\"potentialAction\":[{\"@type\":\"SearchAction\",\"target\":{\"@type\":\"EntryPoint\",\"urlTemplate\":\"https:\\\/\\\/ruunawere.ee\\\/?s={search_term_string}\"},\"query-input\":{\"@type\":\"PropertyValueSpecification\",\"valueRequired\":true,\"valueName\":\"search_term_string\"}}],\"inLanguage\":\"fi\"}]}<\/script>\n<!-- \/ Yoast SEO plugin. -->","yoast_head_json":{"title":"Yhteystiedot - Ruunawere Hotell","robots":{"index":"index","follow":"follow","max-snippet":"max-snippet:-1","max-image-preview":"max-image-preview:large","max-video-preview":"max-video-preview:-1"},"canonical":"https:\/\/ruunawere.ee\/fi\/ottaa-yhteytta\/","og_locale":"fi_FI","og_type":"article","og_title":"Yhteystiedot - Ruunawere Hotell","og_url":"https:\/\/ruunawere.ee\/fi\/ottaa-yhteytta\/","og_site_name":"Ruunawere Hotell","article_modified_time":"2025-06-29T11:23:08+00:00","twitter_card":"summary_large_image","twitter_misc":{"Arvioitu lukuaika":"9 minuuttia"},"schema":{"@context":"https:\/\/schema.org","@graph":[{"@type":"WebPage","@id":"https:\/\/ruunawere.ee\/fi\/ottaa-yhteytta\/","url":"https:\/\/ruunawere.ee\/fi\/ottaa-yhteytta\/","name":"Yhteystiedot - Ruunawere Hotell","isPartOf":{"@id":"https:\/\/ruunawere.ee\/#website"},"datePublished":"2025-06-29T11:21:11+00:00","dateModified":"2025-06-29T11:23:08+00:00","breadcrumb":{"@id":"https:\/\/ruunawere.ee\/fi\/ottaa-yhteytta\/#breadcrumb"},"inLanguage":"fi","potentialAction":[{"@type":"ReadAction","target":["https:\/\/ruunawere.ee\/fi\/ottaa-yhteytta\/"]}]},{"@type":"BreadcrumbList","@id":"https:\/\/ruunawere.ee\/fi\/ottaa-yhteytta\/#breadcrumb","itemListElement":[{"@type":"ListItem","position":1,"name":"Home","item":"https:\/\/ruunawere.ee\/fi\/"},{"@type":"ListItem","position":2,"name":"Yhteystiedot"}]},{"@type":"WebSite","@id":"https:\/\/ruunawere.ee\/#website","url":"https:\/\/ruunawere.ee\/","name":"Ruunawere Hotell","description":"","potentialAction":[{"@type":"SearchAction","target":{"@type":"EntryPoint","urlTemplate":"https:\/\/ruunawere.ee\/?s={search_term_string}"},"query-input":{"@type":"PropertyValueSpecification","valueRequired":true,"valueName":"search_term_string"}}],"inLanguage":"fi"}]}},"_links":{"self":[{"href":"https:\/\/ruunawere.ee\/fi\/wp-json\/wp\/v2\/pages\/2587","targetHints":{"allow":["GET"]}}],"collection":[{"href":"https:\/\/ruunawere.ee\/fi\/wp-json\/wp\/v2\/pages"}],"about":[{"href":"https:\/\/ruunawere.ee\/fi\/wp-json\/wp\/v2\/types\/page"}],"author":[{"embeddable":true,"href":"https:\/\/ruunawere.ee\/fi\/wp-json\/wp\/v2\/users\/1"}],"replies":[{"embeddable":true,"href":"https:\/\/ruunawere.ee\/fi\/wp-json\/wp\/v2\/comments?post=2587"}],"version-history":[{"count":4,"href":"https:\/\/ruunawere.ee\/fi\/wp-json\/wp\/v2\/pages\/2587\/revisions"}],"predecessor-version":[{"id":2596,"href":"https:\/\/ruunawere.ee\/fi\/wp-json\/wp\/v2\/pages\/2587\/revisions\/2596"}],"wp:attachment":[{"href":"https:\/\/ruunawere.ee\/fi\/wp-json\/wp\/v2\/media?parent=2587"}],"curies":[{"name":"wp","href":"https:\/\/api.w.org\/{rel}","templated":true}]}}